	{"id":850,"date":"2025-12-09T11:00:43","date_gmt":"2025-12-09T11:00:43","guid":{"rendered":"https:\/\/new.fujitsuairco.be\/privacybeleid\/"},"modified":"2025-12-09T11:07:24","modified_gmt":"2025-12-09T11:07:24","slug":"politique-de-confidentialite","status":"publish","type":"page","link":"https:\/\/r-4living.be\/fr\/politique-de-confidentialite\/","title":{"rendered":"Politique de confidentialit\u00e9"},"content":{"rendered":"<div class=\"et_pb_section_0 et_pb_section et_section_regular et_flex_section\">\n<div class=\"et_pb_row_0 et_pb_row et_flex_row\">\n<div class=\"et_pb_column_0 et_pb_column et-last-child et_flex_column et_pb_css_mix_blend_mode_passthrough et_flex_column_24_24 et_flex_column_24_24_tablet et_flex_column_24_24_phone\">\n<div class=\"et_pb_text_0 et_pb_text et_pb_bg_layout_light et_pb_module et_flex_module\"><div class=\"et_pb_text_inner\"><h1>Politique de confidentialit\u00e9<\/h1>\n<p>Ce site web appartient \u00e0:<\/p>\n<p>CAIROX BELGIUM, avec si\u00e8ge social \u00e0 1930 Zaventem, Hoogstraat 180.<\/p>\n<p>En visitant ce site web et en l\u2019utilisant, vous acceptez explicitement les conditions g\u00e9n\u00e9rales suivantes :<\/p>\n<h4>Les droits de propri\u00e9t\u00e9 intellectuelle<\/h4>\n<p>Le contenu de ce site web, y compris les marques, les logos, les dessins, les donn\u00e9es, les noms de produits ou les noms d\u2019entreprises, les textes, les images etc. sont prot\u00e9g\u00e9s par les droits intellectuels et appartiennent \u00e0 CAIROX BELGIUM ou \u00e0 des tiers.<\/p>\n<h4>Limitation de la responsabilit\u00e9<\/h4>\n<p>Les informations sur ce site web sont de port\u00e9e g\u00e9n\u00e9rale. Les informations ne sont pas adapt\u00e9es aux circonstances personnelles ou sp\u00e9cifiques et ne peuvent donc pas \u00eatre consid\u00e9r\u00e9es comme des conseils personnels, professionnels ou juridiques.<\/p>\n<p>CAIROX BELGIUM fait des efforts consid\u00e9rables pour que les informations mises \u00e0 disposition soient compl\u00e8tes, exactes et mises \u00e0 jour. Malgr\u00e9 ces efforts, des erreurs peuvent se produire dans les informations mises \u00e0 disposition. Si les informations fournies comprennent des erreurs ou si certaines informations sur ou via le site web sont indisponibles, CAIROX s\u2019engagera \u00e0 faire le plus grand effort possible pour rectifier cela le plus vite possible.<\/p>\n<p>En tout cas, CAIROX BELGIUM ne peut cependant pas \u00eatre tenue responsable pour des d\u00e9g\u00e2ts directs ou indirects g\u00e9n\u00e9r\u00e9s par l\u2019emploi de ces informations sur ce site web.<\/p>\n<p>Si vous remarquez des erreurs dans les informations mises \u00e0 disposition via ce site web, vous pourrez contacter l\u2019administrateur du site \u00e0 l\u2019adresse suivante : marketing@cairox.be.<\/p>\n<p>Le contenu du site web (y compris les liens) peut \u00eatre adapt\u00e9, modifi\u00e9 ou chang\u00e9 \u00e0 tout moment sans avertissement ou sans notification. CAIROX BELGIUM n\u2019offre aucune garantie quant au bon fonctionnement de ce site web et ne peut donc en aucun cas \u00eatre tenue responsable pour un mauvais fonctionnement ou pour une (in)disponibilit\u00e9 temporaire du site web ou pour tout type de d\u00e9g\u00e2ts directs ou indirects r\u00e9sultant d\u2019un acc\u00e8s \u00e0 ou d\u2019un emploi de ce site web.<\/p>\n<p>CAIROX BELGIUM ne peut en aucun cas \u00eatre tenue responsable de fa\u00e7on directe ou indirecte, particuli\u00e8re ou d\u2019une fa\u00e7on ou d\u2019une autre envers toute personne. CAIROX BELGIUM n\u2019est donc en aucun cas responsable pour les d\u00e9g\u00e2ts dus \u00e0 l\u2019emploi de ce site web ou d\u2019un autre, notamment en raison des liens ou des hyperliens et cela sans restriction y compris toutes pertes, arr\u00eats de travail, d\u00e9g\u00e2ts aux programmes ou \u00e0 d\u2019autres donn\u00e9es au syst\u00e8me informatique ainsi que du mat\u00e9riel, du logiciel ou d\u2019autre action de l\u2019utilisateur.<\/p>\n<p>Le site web peut contenir des hyperliens aux sites web ou aux pages des tiers ou y r\u00e9f\u00e9rer indirectement. L\u2019insertion des liens \u00e0 ces sites web ou \u00e0 ces pages n\u2019en implique en aucun cas une autorisation implicite du contenu.<\/p>\n<p>CAIROX BELGIUM d\u00e9clare express\u00e9ment qu\u2019elle n\u2019a aucun contr\u00f4le du contenu ou d\u2019autres caract\u00e9ristiques de ces sites web. CAIROX BELGIUM ne peut en aucun cas \u00eatre tenue responsable pour le contenu ou les caract\u00e9ristiques de celui-ci ou pour toute autre forme des d\u00e9g\u00e2ts dus \u00e0 son utilisation.<\/p>\n<h4>Le droit applicable et les tribunaux comp\u00e9tents<\/h4>\n<p>Le droit belge est applicable \u00e0 ce site web. En cas de contestation, les tribunaux de l\u2019arrondissement o\u00f9 le siege de CAIROX BELGIUM est situ\u00e9 sont cens\u00e9s \u00eatre comp\u00e9tents.<\/p>\n<h4>Politique de confidentialit\u00e9<\/h4>\n<p>CAIROX BELGIUM attache de l\u2019importance \u00e0 votre vie priv\u00e9e. Bien que la plupart des informations sur ce site soit disponible sans que des donn\u00e9es personnelles doivent \u00eatre fournies, il se peut que l\u2019utilisateur soit pri\u00e9 de fournir de l\u2019information personnelle. Cette information ne sera uniquement utilis\u00e9e pour vous tenir au courant de nos activit\u00e9s. L\u2019utilisateur peut toujours s\u2019opposer \u2013 gratuitement et sur demande \u2013 \u00e0 l\u2019emploi de ses donn\u00e9es afin du marketing direct. A cette fin il faut s\u2019adresser \u00e0 CAIROX BELGIUM. Vos donn\u00e9es personnelles ne seront jamais transmises \u00e0 des tiers d\u00e9tenant des droits.<\/p>\n<p>Selon la loi du traitement des donn\u00e9es personnelles de 08\/12\/1992, l\u2019utilisateur dispose d\u2019un droit d\u2019acc\u00e8s l\u00e9gal et d\u2019une correction \u00e9ventuelle de ses donn\u00e9es personnelles. Sur pr\u00e9sentation d\u2019une preuve d\u2019identit\u00e9 (une copie de la carte d\u2019identit\u00e9), vous pourrez obtenir gratuitement la notification \u00e9crite de vos donn\u00e9es personnelles et cela par demande \u00e9crite, dat\u00e9e et sign\u00e9e. Le cas \u00e9ch\u00e9ant, vous pourriez \u00e9galement demander de corriger les donn\u00e9es fautives, incompl\u00e8tes ou impertinentes.<\/p>\n<p>CAIROX BELGIUM peut recueillir des donn\u00e9es anonymes ou agr\u00e9g\u00e9s \u00e0 caract\u00e8re non personnel telles que la version du navigateur ou l\u2019adresse IP, le syst\u00e8me d\u2019exploitation que vous utilisez ou le nom de domaine du site web gr\u00e2ce auquel vous visitez notre site web ou vers lequel vous le quittez. Cela nous permet d\u2019optimiser en permanence notre site web pour les utilisateurs.<\/p>\n<h4>Conditions de garantie<\/h4>\n<p>CAIROX BELGIUM offre une garantie de 5 ann\u00e9es sur les produits de Fujitsu. Cette garantie est uniquement valable sur les appareils Fujitsu livr\u00e9s en Belgique et au Grand-Duch\u00e9 de Luxembourg et \u00e0 condition qu\u2019un contrat d\u2019entretien valable ait \u00e9t\u00e9 conclu avec une entreprise de r\u00e9frig\u00e9ration certifi\u00e9e. Ce contrat d\u2019entretien a \u00e9t\u00e9 conclu dans les 12 mois apr\u00e8s la date de facturation ou dans les 6 mois apr\u00e8s le lancement. L\u2019entretien de l\u2019installation s\u2019effectue selon la fr\u00e9quence suivante :<\/p>\n<p>R\u00e9sidentiel : selon la l\u00e9gislation en vigueur et au moins une fois par an.<br \/>Non-r\u00e9sidentiel : selon la l\u00e9gislation en vigueur et au moins deux fois par an selon les dimensions de l\u2019appareil<br \/>En cas de d\u00e9g\u00e2ts ou de panne, veuillez contacter votre installateur<\/p>\n<\/div><\/div>\n<\/div>\n<\/div>\n<\/div>","protected":false},"excerpt":{"rendered":"","protected":false},"author":1,"featured_media":0,"parent":0,"menu_order":0,"comment_status":"closed","ping_status":"closed","template":"","meta":{"_acf_changed":false,"footnotes":""},"class_list":["post-850","page","type-page","status-publish","hentry"],"acf":[],"yoast_head":"<!-- This site is optimized with the Yoast SEO plugin v27.3 - https:\/\/yoast.com\/product\/yoast-seo-wordpress\/ -->\n<title>Politique de confidentialit\u00e9 - R-4LIVING<\/title>\n<meta name=\"robots\" content=\"index, follow, max-snippet:-1, max-image-preview:large, max-video-preview:-1\" \/>\n<link rel=\"canonical\" href=\"https:\/\/r-4living.be\/fr\/politique-de-confidentialite\/\" \/>\n<meta property=\"og:locale\" content=\"fr_FR\" \/>\n<meta property=\"og:type\" content=\"article\" \/>\n<meta property=\"og:title\" content=\"Politique de confidentialit\u00e9 - R-4LIVING\" \/>\n<meta property=\"og:url\" content=\"https:\/\/r-4living.be\/fr\/politique-de-confidentialite\/\" \/>\n<meta property=\"og:site_name\" content=\"R-4LIVING\" \/>\n<meta property=\"article:modified_time\" content=\"2025-12-09T11:07:24+00:00\" \/>\n<meta name=\"twitter:card\" content=\"summary_large_image\" \/>\n<script type=\"application\/ld+json\" class=\"yoast-schema-graph\">{\"@context\":\"https:\\\/\\\/schema.org\",\"@graph\":[{\"@type\":\"WebPage\",\"@id\":\"https:\\\/\\\/r-4living.be\\\/fr\\\/politique-de-confidentialite\\\/\",\"url\":\"https:\\\/\\\/r-4living.be\\\/fr\\\/politique-de-confidentialite\\\/\",\"name\":\"Politique de confidentialit\u00e9 - R-4LIVING\",\"isPartOf\":{\"@id\":\"https:\\\/\\\/r-4living.be\\\/#website\"},\"datePublished\":\"2025-12-09T11:00:43+00:00\",\"dateModified\":\"2025-12-09T11:07:24+00:00\",\"breadcrumb\":{\"@id\":\"https:\\\/\\\/r-4living.be\\\/fr\\\/politique-de-confidentialite\\\/#breadcrumb\"},\"inLanguage\":\"fr-FR\",\"potentialAction\":[{\"@type\":\"ReadAction\",\"target\":[\"https:\\\/\\\/r-4living.be\\\/fr\\\/politique-de-confidentialite\\\/\"]}]},{\"@type\":\"BreadcrumbList\",\"@id\":\"https:\\\/\\\/r-4living.be\\\/fr\\\/politique-de-confidentialite\\\/#breadcrumb\",\"itemListElement\":[{\"@type\":\"ListItem\",\"position\":1,\"name\":\"Home\",\"item\":\"https:\\\/\\\/r-4living.be\\\/fr\\\/\"},{\"@type\":\"ListItem\",\"position\":2,\"name\":\"Politique de confidentialit\u00e9\"}]},{\"@type\":\"WebSite\",\"@id\":\"https:\\\/\\\/r-4living.be\\\/#website\",\"url\":\"https:\\\/\\\/r-4living.be\\\/\",\"name\":\"R-4LIVING\",\"description\":\"Airvance Solutions\",\"potentialAction\":[{\"@type\":\"SearchAction\",\"target\":{\"@type\":\"EntryPoint\",\"urlTemplate\":\"https:\\\/\\\/r-4living.be\\\/?s={search_term_string}\"},\"query-input\":{\"@type\":\"PropertyValueSpecification\",\"valueRequired\":true,\"valueName\":\"search_term_string\"}}],\"inLanguage\":\"fr-FR\"}]}<\/script>\n<!-- \/ Yoast SEO plugin. -->","yoast_head_json":{"title":"Politique de confidentialit\u00e9 - R-4LIVING","robots":{"index":"index","follow":"follow","max-snippet":"max-snippet:-1","max-image-preview":"max-image-preview:large","max-video-preview":"max-video-preview:-1"},"canonical":"https:\/\/r-4living.be\/fr\/politique-de-confidentialite\/","og_locale":"fr_FR","og_type":"article","og_title":"Politique de confidentialit\u00e9 - R-4LIVING","og_url":"https:\/\/r-4living.be\/fr\/politique-de-confidentialite\/","og_site_name":"R-4LIVING","article_modified_time":"2025-12-09T11:07:24+00:00","twitter_card":"summary_large_image","schema":{"@context":"https:\/\/schema.org","@graph":[{"@type":"WebPage","@id":"https:\/\/r-4living.be\/fr\/politique-de-confidentialite\/","url":"https:\/\/r-4living.be\/fr\/politique-de-confidentialite\/","name":"Politique de confidentialit\u00e9 - R-4LIVING","isPartOf":{"@id":"https:\/\/r-4living.be\/#website"},"datePublished":"2025-12-09T11:00:43+00:00","dateModified":"2025-12-09T11:07:24+00:00","breadcrumb":{"@id":"https:\/\/r-4living.be\/fr\/politique-de-confidentialite\/#breadcrumb"},"inLanguage":"fr-FR","potentialAction":[{"@type":"ReadAction","target":["https:\/\/r-4living.be\/fr\/politique-de-confidentialite\/"]}]},{"@type":"BreadcrumbList","@id":"https:\/\/r-4living.be\/fr\/politique-de-confidentialite\/#breadcrumb","itemListElement":[{"@type":"ListItem","position":1,"name":"Home","item":"https:\/\/r-4living.be\/fr\/"},{"@type":"ListItem","position":2,"name":"Politique de confidentialit\u00e9"}]},{"@type":"WebSite","@id":"https:\/\/r-4living.be\/#website","url":"https:\/\/r-4living.be\/","name":"R-4LIVING","description":"Airvance Solutions","potentialAction":[{"@type":"SearchAction","target":{"@type":"EntryPoint","urlTemplate":"https:\/\/r-4living.be\/?s={search_term_string}"},"query-input":{"@type":"PropertyValueSpecification","valueRequired":true,"valueName":"search_term_string"}}],"inLanguage":"fr-FR"}]}},"_links":{"self":[{"href":"https:\/\/r-4living.be\/fr\/wp-json\/wp\/v2\/pages\/850","targetHints":{"allow":["GET"]}}],"collection":[{"href":"https:\/\/r-4living.be\/fr\/wp-json\/wp\/v2\/pages"}],"about":[{"href":"https:\/\/r-4living.be\/fr\/wp-json\/wp\/v2\/types\/page"}],"author":[{"embeddable":true,"href":"https:\/\/r-4living.be\/fr\/wp-json\/wp\/v2\/users\/1"}],"replies":[{"embeddable":true,"href":"https:\/\/r-4living.be\/fr\/wp-json\/wp\/v2\/comments?post=850"}],"version-history":[{"count":0,"href":"https:\/\/r-4living.be\/fr\/wp-json\/wp\/v2\/pages\/850\/revisions"}],"wp:attachment":[{"href":"https:\/\/r-4living.be\/fr\/wp-json\/wp\/v2\/media?parent=850"}],"curies":[{"name":"wp","href":"https:\/\/api.w.org\/{rel}","templated":true}]}}