	{"id":764,"date":"2025-09-03T06:35:26","date_gmt":"2025-09-03T06:35:26","guid":{"rendered":"https:\/\/new.fujitsuairco.be\/contact\/"},"modified":"2026-04-03T06:33:08","modified_gmt":"2026-04-03T06:33:08","slug":"contact","status":"publish","type":"page","link":"https:\/\/r-4living.be\/fr\/contact\/","title":{"rendered":"Contact"},"content":{"rendered":"<div class=\"et_pb_section_0 et_pb_section et_section_regular et_flex_section\">\n<div class=\"et_pb_row_0 et_pb_row et_flex_row\">\n<div class=\"et_pb_column_0 et_pb_column et-last-child et_flex_column et_pb_css_mix_blend_mode_passthrough et_flex_column_24_24 et_flex_column_24_24_tablet et_flex_column_24_24_phone\">\n<div class=\"et_pb_text_0 et_pb_text et_pb_bg_layout_light et_pb_module et_block_module\"><div class=\"et_pb_text_inner\"><h1>Obtenez un devis gratuit<\/h1>\n<\/div><\/div>\n\n<div class=\"et_pb_text_1 et_pb_text et_pb_bg_layout_light et_pb_module et_block_module\"><div class=\"et_pb_text_inner\"><p>Nous serons heureux de vous aider \u00e0 trouver un installateur agr\u00e9\u00e9 pr\u00e8s de chez vous. Ce professionnel vous rendra visite pour \u00e9valuer votre situation et vous proposera ensuite une solution sur mesure, sans engagement.<\/p>\n<\/div><\/div>\n<\/div>\n<\/div>\n\n<div class=\"et_pb_row_1 et_pb_row et_flex_row\">\n<div class=\"et_pb_column_1 et_pb_column et_block_column et_pb_css_mix_blend_mode_passthrough et_flex_column_3_5 et_flex_column_3_5_tablet et_flex_column_24_24_phone\">\n<div class=\"et_pb_text_2 et_pb_text et_pb_bg_layout_light et_pb_module et_block_module\"><div class=\"et_pb_text_inner\">\n<div class=\"wpcf7 no-js\" id=\"wpcf7-f766-o1\" lang=\"fr-FR\" dir=\"ltr\" data-wpcf7-id=\"766\">\n<div class=\"screen-reader-response\"><p role=\"status\" aria-live=\"polite\" aria-atomic=\"true\"><\/p> <ul><\/ul><\/div>\n<form action=\"\/fr\/wp-json\/wp\/v2\/pages\/764#wpcf7-f766-o1\" method=\"post\" class=\"wpcf7-form init wpcf7-acceptance-as-validation\" aria-label=\"Formulaire de contact\" novalidate=\"novalidate\" data-status=\"init\">\n<fieldset class=\"hidden-fields-container\"><input type=\"hidden\" name=\"_wpcf7\" value=\"766\" \/><input type=\"hidden\" name=\"_wpcf7_version\" value=\"6.1.5\" \/><input type=\"hidden\" name=\"_wpcf7_locale\" value=\"fr_FR\" \/><input type=\"hidden\" name=\"_wpcf7_unit_tag\" value=\"wpcf7-f766-o1\" \/><input type=\"hidden\" name=\"_wpcf7_container_post\" value=\"0\" \/><input type=\"hidden\" name=\"_wpcf7_posted_data_hash\" value=\"\" \/>\n<\/fieldset>\n<input class=\"wpcf7-form-control wpcf7-hidden\" value=\"r4-living\" type=\"hidden\" name=\"platform\" \/>\n<p>* = champ n\u00e9cessaire\n<\/p>\n<div class=\"eye-form\">\n\t<div class=\"eye-row\">\n\t\t<div class=\"eye-col leftcol\">\n\t\t\t<p><label> <span class=\"wpcf7-form-control-wrap\" data-name=\"first-name\"><input size=\"40\" maxlength=\"400\" class=\"wpcf7-form-control wpcf7-text wpcf7-validates-as-required\" aria-required=\"true\" aria-invalid=\"false\" placeholder=\"Pr\u00e9nom*\" value=\"\" type=\"text\" name=\"first-name\" \/><\/span> <\/label>\n\t\t\t<\/p>\n\t\t<\/div>\n\t\t<div class=\"eye-col rightcol\">\n\t\t\t<p><label> <span class=\"wpcf7-form-control-wrap\" data-name=\"last-name\"><input size=\"40\" maxlength=\"400\" class=\"wpcf7-form-control wpcf7-text wpcf7-validates-as-required\" aria-required=\"true\" aria-invalid=\"false\" placeholder=\"Nom*\" value=\"\" type=\"text\" name=\"last-name\" \/><\/span> <\/label>\n\t\t\t<\/p>\n\t\t<\/div>\n\t<\/div>\n\t<div class=\"eye-row\">\n\t\t<div class=\"eye-col fullwidth\">\n\t\t\t<p><label> <span class=\"wpcf7-form-control-wrap\" data-name=\"email\"><input size=\"40\" maxlength=\"400\" class=\"wpcf7-form-control wpcf7-email wpcf7-validates-as-required wpcf7-text wpcf7-validates-as-email\" aria-required=\"true\" aria-invalid=\"false\" placeholder=\"Adresse email*\" value=\"\" type=\"email\" name=\"email\" \/><\/span> <\/label>\n\t\t\t<\/p>\n\t\t<\/div>\n\t\t<div class=\"eye-col fullwidth\">\n\t\t\t<p><label> <span class=\"wpcf7-form-control-wrap\" data-name=\"phone\"><input size=\"40\" maxlength=\"400\" class=\"wpcf7-form-control wpcf7-text wpcf7-validates-as-required\" aria-required=\"true\" aria-invalid=\"false\" placeholder=\"T\u00e9l\u00e9phone*\" value=\"\" type=\"text\" name=\"phone\" \/><\/span> <\/label>\n\t\t\t<\/p>\n\t\t<\/div>\n\t<\/div>\n\t<div class=\"eye-row\">\n\t\t<div class=\"eye-col fullwidth\">\n\t\t\t<p><label> <span class=\"wpcf7-form-control-wrap\" data-name=\"street\"><input size=\"40\" maxlength=\"400\" class=\"wpcf7-form-control wpcf7-text wpcf7-validates-as-required\" aria-required=\"true\" aria-invalid=\"false\" placeholder=\"Rue+Num\u00e9ro*\" value=\"\" type=\"text\" name=\"street\" \/><\/span> <\/label>\n\t\t\t<\/p>\n\t\t<\/div>\n\t<\/div>\n\t<div class=\"eye-row\">\n\t\t<div class=\"eye-col leftcol\">\n\t\t\t<p><label> <span class=\"wpcf7-form-control-wrap\" data-name=\"postalcode\"><input size=\"40\" maxlength=\"400\" class=\"wpcf7-form-control wpcf7-text wpcf7-validates-as-required\" aria-required=\"true\" aria-invalid=\"false\" placeholder=\"Code postal*\" value=\"\" type=\"text\" name=\"postalcode\" \/><\/span> <\/label>\n\t\t\t<\/p>\n\t\t<\/div>\n\t\t<div class=\"eye-col rightcol\">\n\t\t\t<p><label> <span class=\"wpcf7-form-control-wrap\" data-name=\"location\"><input size=\"40\" maxlength=\"400\" class=\"wpcf7-form-control wpcf7-text wpcf7-validates-as-required\" aria-required=\"true\" aria-invalid=\"false\" placeholder=\"Ville\/commune*\" value=\"\" type=\"text\" name=\"location\" \/><\/span> <\/label>\n\t\t\t<\/p>\n\t\t<\/div>\n\t<\/div>\n\t<div class=\"eye-row\">\n\t\t<div class=\"eye-col leftcol\">\n\t\t\t<p><label> <span class=\"wpcf7-form-control-wrap\" data-name=\"totalspace\"><input size=\"40\" maxlength=\"400\" class=\"wpcf7-form-control wpcf7-text\" aria-invalid=\"false\" placeholder=\"Surface totale des pi\u00e9ces \u00e0 climatiser en m\u00b2\" value=\"\" type=\"text\" name=\"totalspace\" \/><\/span> <\/label>\n\t\t\t<\/p>\n\t\t<\/div>\n\t\t<div class=\"eye-col rightcol\">\n\t\t\t<p>Langue d\u00e9sir\u00e9e de l\u2019installateur*<br \/>\n<span class=\"wpcf7-form-control-wrap\" data-name=\"preflang\"><span class=\"wpcf7-form-control wpcf7-radio\"><span class=\"wpcf7-list-item first\"><label><span class=\"wpcf7-list-item-label\">NL<\/span><input type=\"radio\" name=\"preflang\" value=\"NL\" \/><\/label><\/span><span class=\"wpcf7-list-item last\"><label><span class=\"wpcf7-list-item-label\">FR<\/span><input type=\"radio\" name=\"preflang\" value=\"FR\" \/><\/label><\/span><\/span><\/span>\n\t\t\t<\/p>\n\t\t<\/div>\n\t<\/div>\n\t<div class=\"eye-row\">\n\t\t<div class=\"eye-col leftcol\">\n\t\t\t<p>De quel service avez-vous besoin ? (plusieurs options possibles)<br \/>\n<span class=\"wpcf7-form-control-wrap\" data-name=\"service\"><span class=\"wpcf7-form-control wpcf7-checkbox wpcf7-validates-as-required\"><span class=\"wpcf7-list-item first\"><label><input type=\"checkbox\" name=\"service[]\" value=\"Climatisation\" \/><span class=\"wpcf7-list-item-label\">Climatisation<\/span><\/label><\/span><span class=\"wpcf7-list-item\"><label><input type=\"checkbox\" name=\"service[]\" value=\"Chauffage\" \/><span class=\"wpcf7-list-item-label\">Chauffage<\/span><\/label><\/span><span class=\"wpcf7-list-item\"><label><input type=\"checkbox\" name=\"service[]\" value=\"Construction neuve\" \/><span class=\"wpcf7-list-item-label\">Construction neuve<\/span><\/label><\/span><span class=\"wpcf7-list-item\"><label><input type=\"checkbox\" name=\"service[]\" value=\"R\u00e9novation\" \/><span class=\"wpcf7-list-item-label\">R\u00e9novation<\/span><\/label><\/span><span class=\"wpcf7-list-item\"><label><input type=\"checkbox\" name=\"service[]\" value=\"R\u00e9parations et\/ou entretien\" \/><span class=\"wpcf7-list-item-label\">R\u00e9parations et\/ou entretien<\/span><\/label><\/span><span class=\"wpcf7-list-item last\"><label><input type=\"checkbox\" name=\"service[]\" value=\"Je souhaite \u00eatre conseill\u00e9(e)\" \/><span class=\"wpcf7-list-item-label\">Je souhaite \u00eatre conseill\u00e9(e)<\/span><\/label><\/span><\/span><\/span>\n\t\t\t<\/p>\n\t\t<\/div>\n\t\t<div class=\"eye-col rightcol\">\n\t\t\t<p>Nombre de pi\u00e8ces<br \/>\n<label><span class=\"wpcf7-form-control-wrap\" data-name=\"nrofrooms\"><select class=\"wpcf7-form-control wpcf7-select\" aria-invalid=\"false\" name=\"nrofrooms\"><option value=\"1 chambre\">1 chambre<\/option><option value=\"Plusieurs chambres\">Plusieurs chambres<\/option><option value=\"Maison enti\u00e8re\">Maison enti\u00e8re<\/option><\/select><\/span><\/label>\n\t\t\t<\/p>\n\t\t<\/div>\n\t<\/div>\n\t<div class=\"eye-row\">\n\t\t<div class=\"eye-col fullwidth\">\n\t\t\t<p><label> <span class=\"wpcf7-form-control-wrap\" data-name=\"questions\"><textarea cols=\"40\" rows=\"10\" maxlength=\"2000\" class=\"wpcf7-form-control wpcf7-textarea\" aria-invalid=\"false\" placeholder=\"Quelles informations l\u2019installateur doit\u2011il encore conna\u00eetre\u202f?\" name=\"questions\"><\/textarea><\/span> <\/label>\n\t\t\t<\/p>\n\t\t<\/div>\n\t<\/div>\n\t<div class=\"eye-row\">\n\t\t<div class=\"eye-col fullwidth\">\n\t\t\t<p><span class=\"wpcf7-form-control-wrap\" data-name=\"contact-me\"><span class=\"wpcf7-form-control wpcf7-acceptance\"><span class=\"wpcf7-list-item\"><input type=\"checkbox\" name=\"contact-me\" value=\"1\" aria-invalid=\"false\" \/><\/span><\/span><\/span> J\u2019aimerais \u00eatre contact\u00e9(e) sans engagement par un installateur de R4-living et j\u2019accepte <a href=\"\/fr\/politique-de-confidentialite\/\" target=\"_blank\">la politique de confidentialit\u00e9<\/a>*: Vous nous confirmez que CAIROX BELGIUM est autoris\u00e9 \u00e0 transmettre vos donn\u00e9es personnelles aux installateurs agr\u00e9\u00e9s et certifi\u00e9s de votre r\u00e9gion, dans le seul but de traiter votre demande.\n\t\t\t<\/p>\n\t\t<\/div>\n\t<\/div>\n\t<div class=\"eye-row\">\n\t\t<div class=\"eye-col fullwidth\">\n\t\t\t<p><input class=\"wpcf7-form-control wpcf7-submit has-spinner\" type=\"submit\" value=\"D\u00e9marrez votre demande\" \/>\n\t\t\t<\/p>\n\t\t<\/div>\n\t<\/div>\n<\/div><p style=\"display: none !important;\" class=\"akismet-fields-container\" data-prefix=\"_wpcf7_ak_\"><label>&#916;<textarea name=\"_wpcf7_ak_hp_textarea\" cols=\"45\" rows=\"8\" maxlength=\"100\"><\/textarea><\/label><input type=\"hidden\" id=\"ak_js_1\" name=\"_wpcf7_ak_js\" value=\"136\"\/><script>document.getElementById( \"ak_js_1\" ).setAttribute( \"value\", ( new Date() ).getTime() );<\/script><\/p><div class=\"wpcf7-response-output\" aria-hidden=\"true\"><\/div>\n<\/form>\n<\/div>\n\n<p><!-- \/wp:paragraph --><\/p>\n<\/div><\/div>\n<\/div>\n\n<div class=\"et_pb_column_2 et_pb_column et-last-child et_block_column et_pb_css_mix_blend_mode_passthrough et_flex_column_2_5 et_flex_column_2_5_tablet et_flex_column_24_24_phone\">\n<div class=\"et_pb_group_0 et_pb_group et-last-child et_pb_module et_flex_group et_pb_css_mix_blend_mode_passthrough\">\n<div class=\"et_pb_text_3 et_pb_text et_pb_bg_layout_dark et_pb_module et_block_module\"><div class=\"et_pb_text_inner\"><h3>Comment \u00e7a marche ?<\/h3>\n<\/div><\/div>\n\n<div class=\"et_pb_blurb_0 et_pb_blurb et_pb_bg_layout_dark et_pb_blurb_position_left et_pb_module et_block_module\"><div class=\"et_pb_blurb_content\"><div class=\"et_pb_main_blurb_image\"><span class=\"et_pb_image_wrap et_pb_only_image_mode_wrap\"><img loading=\"lazy\" decoding=\"async\" src=\"https:\/\/r-4living.be\/wp-content\/uploads\/sites\/37\/2025\/10\/icon-1.png\" width=\"24\" height=\"24\" srcset=\"https:\/\/r-4living.be\/wp-content\/uploads\/sites\/37\/2025\/10\/icon-1.png 24w\" sizes=\"(max-width: 24px) 100vw, 24px\" class=\"et_animated wp-image-74\" title=\"icon-1\" \/><\/span><\/div><div class=\"et_pb_blurb_container\"><h4 class=\"et_pb_module_header\">Contactez-nous<\/h4><div class=\"et_pb_blurb_description\"><p>Veuillez remplir le formulaire de contact pour obtenir un devis gratuit et sans engagement.<\/p>\n<\/div><\/div><\/div><\/div>\n\n<div class=\"et_pb_blurb_1 et_pb_blurb et_pb_bg_layout_dark et_pb_blurb_position_left et_pb_module et_block_module\"><div class=\"et_pb_blurb_content\"><div class=\"et_pb_main_blurb_image\"><span class=\"et_pb_image_wrap et_pb_only_image_mode_wrap\"><img loading=\"lazy\" decoding=\"async\" src=\"https:\/\/r-4living.be\/wp-content\/uploads\/sites\/37\/2025\/10\/icon-2.png\" width=\"24\" height=\"24\" srcset=\"https:\/\/r-4living.be\/wp-content\/uploads\/sites\/37\/2025\/10\/icon-2.png 24w\" sizes=\"(max-width: 24px) 100vw, 24px\" class=\"et_animated wp-image-75\" title=\"icon-2\" \/><\/span><\/div><div class=\"et_pb_blurb_container\"><h4 class=\"et_pb_module_header\">Conseils personnalis\u00e9s<\/h4><div class=\"et_pb_blurb_description\"><p>L'un de nos installateurs agr\u00e9\u00e9s vous contactera pour vous fournir des conseils personnalis\u00e9s. <\/p>\n<\/div><\/div><\/div><\/div>\n\n<div class=\"et_pb_blurb_2 et_pb_blurb et_pb_bg_layout_dark et_pb_blurb_position_left et_pb_module et_block_module\"><div class=\"et_pb_blurb_content\"><div class=\"et_pb_main_blurb_image\"><span class=\"et_pb_image_wrap et_pb_only_image_mode_wrap\"><img loading=\"lazy\" decoding=\"async\" src=\"https:\/\/r-4living.be\/wp-content\/uploads\/sites\/37\/2025\/10\/icon-3.png\" width=\"24\" height=\"24\" srcset=\"https:\/\/r-4living.be\/wp-content\/uploads\/sites\/37\/2025\/10\/icon-3.png 24w\" sizes=\"(max-width: 24px) 100vw, 24px\" class=\"et_animated wp-image-76\" title=\"icon-3\" \/><\/span><\/div><div class=\"et_pb_blurb_container\"><h4 class=\"et_pb_module_header\">Installation<\/h4><div class=\"et_pb_blurb_description\"><p>Nos experts installent le syst\u00e8me rapidement et efficacement.<\/p>\n<\/div><\/div><\/div><\/div>\n\n<div class=\"et_pb_blurb_3 et_pb_blurb et_pb_bg_layout_dark et_pb_blurb_position_left et_pb_module et_block_module\"><div class=\"et_pb_blurb_content\"><div class=\"et_pb_main_blurb_image\"><span class=\"et_pb_image_wrap et_pb_only_image_mode_wrap\"><img loading=\"lazy\" decoding=\"async\" src=\"https:\/\/r-4living.be\/wp-content\/uploads\/sites\/37\/2025\/10\/icon-4.png\" width=\"24\" height=\"24\" srcset=\"https:\/\/r-4living.be\/wp-content\/uploads\/sites\/37\/2025\/10\/icon-4.png 24w\" sizes=\"(max-width: 24px) 100vw, 24px\" class=\"et_animated wp-image-77\" title=\"icon-4\" \/><\/span><\/div><div class=\"et_pb_blurb_container\"><h4 class=\"et_pb_module_header\">Profitez du confort<\/h4><div class=\"et_pb_blurb_description\"><p>Ervaar het ultieme wooncomfort met R-4LIVING.<\/p>\n<\/div><\/div><\/div><\/div>\n<\/div>\n<\/div>\n<\/div>\n\n<div class=\"et_pb_row_2 et_pb_row et_flex_row\">\n<div class=\"et_pb_column_3 et_pb_column et_flex_column et_pb_css_mix_blend_mode_passthrough et_flex_column_12_24 et_flex_column_12_24_tablet et_flex_column_24_24_phone\">\n<div class=\"et_pb_module et_pb_button_module_wrapper et_pb_button_0_wrapper\"><a class=\"et_pb_button_0 et_pb_button et_pb_bg_layout_dark et_pb_module et_block_module\" href=\"https:\/\/r-4living.be\/fr\/contact\/\" data-icon=\"w\">Vraag een gratis offerte aan<\/a><\/div>\n<\/div>\n\n<div class=\"et_pb_column_4 et_pb_column et-last-child et_flex_column et_pb_css_mix_blend_mode_passthrough et_flex_column_12_24 et_flex_column_12_24_tablet et_flex_column_24_24_phone\">\n<div class=\"et_pb_module et_pb_button_module_wrapper et_pb_button_1_wrapper\"><a class=\"et_pb_button_1 et_pb_button et_pb_bg_layout_dark et_pb_module et_block_module\" href=\"https:\/\/r-4living.be\/fr\/references\/\" data-icon=\"T\">Bekijk onze referentieprojecten<\/a><\/div>\n<\/div>\n<\/div>\n<\/div>","protected":false},"excerpt":{"rendered":"","protected":false},"author":1,"featured_media":0,"parent":0,"menu_order":0,"comment_status":"closed","ping_status":"closed","template":"","meta":{"_acf_changed":false,"footnotes":""},"class_list":["post-764","page","type-page","status-publish","hentry"],"acf":[],"yoast_head":"<!-- This site is optimized with the Yoast SEO plugin v27.3 - https:\/\/yoast.com\/product\/yoast-seo-wordpress\/ -->\n<title>Contact - R-4LIVING<\/title>\n<meta name=\"robots\" content=\"index, follow, max-snippet:-1, max-image-preview:large, max-video-preview:-1\" \/>\n<link rel=\"canonical\" href=\"https:\/\/r-4living.be\/fr\/contact\/\" \/>\n<meta property=\"og:locale\" content=\"fr_FR\" \/>\n<meta property=\"og:type\" content=\"article\" \/>\n<meta property=\"og:title\" content=\"Contact - R-4LIVING\" \/>\n<meta property=\"og:url\" content=\"https:\/\/r-4living.be\/fr\/contact\/\" \/>\n<meta property=\"og:site_name\" content=\"R-4LIVING\" \/>\n<meta property=\"article:modified_time\" content=\"2026-04-03T06:33:08+00:00\" \/>\n<meta name=\"twitter:card\" content=\"summary_large_image\" \/>\n<script type=\"application\/ld+json\" class=\"yoast-schema-graph\">{\"@context\":\"https:\\\/\\\/schema.org\",\"@graph\":[{\"@type\":\"WebPage\",\"@id\":\"https:\\\/\\\/r-4living.be\\\/fr\\\/contact\\\/\",\"url\":\"https:\\\/\\\/r-4living.be\\\/fr\\\/contact\\\/\",\"name\":\"Contact - R-4LIVING\",\"isPartOf\":{\"@id\":\"https:\\\/\\\/r-4living.be\\\/#website\"},\"datePublished\":\"2025-09-03T06:35:26+00:00\",\"dateModified\":\"2026-04-03T06:33:08+00:00\",\"breadcrumb\":{\"@id\":\"https:\\\/\\\/r-4living.be\\\/fr\\\/contact\\\/#breadcrumb\"},\"inLanguage\":\"fr-FR\",\"potentialAction\":[{\"@type\":\"ReadAction\",\"target\":[\"https:\\\/\\\/r-4living.be\\\/fr\\\/contact\\\/\"]}]},{\"@type\":\"BreadcrumbList\",\"@id\":\"https:\\\/\\\/r-4living.be\\\/fr\\\/contact\\\/#breadcrumb\",\"itemListElement\":[{\"@type\":\"ListItem\",\"position\":1,\"name\":\"Home\",\"item\":\"https:\\\/\\\/r-4living.be\\\/fr\\\/\"},{\"@type\":\"ListItem\",\"position\":2,\"name\":\"Contact\"}]},{\"@type\":\"WebSite\",\"@id\":\"https:\\\/\\\/r-4living.be\\\/#website\",\"url\":\"https:\\\/\\\/r-4living.be\\\/\",\"name\":\"R-4LIVING\",\"description\":\"Airvance Solutions\",\"potentialAction\":[{\"@type\":\"SearchAction\",\"target\":{\"@type\":\"EntryPoint\",\"urlTemplate\":\"https:\\\/\\\/r-4living.be\\\/?s={search_term_string}\"},\"query-input\":{\"@type\":\"PropertyValueSpecification\",\"valueRequired\":true,\"valueName\":\"search_term_string\"}}],\"inLanguage\":\"fr-FR\"}]}<\/script>\n<!-- \/ Yoast SEO plugin. -->","yoast_head_json":{"title":"Contact - R-4LIVING","robots":{"index":"index","follow":"follow","max-snippet":"max-snippet:-1","max-image-preview":"max-image-preview:large","max-video-preview":"max-video-preview:-1"},"canonical":"https:\/\/r-4living.be\/fr\/contact\/","og_locale":"fr_FR","og_type":"article","og_title":"Contact - R-4LIVING","og_url":"https:\/\/r-4living.be\/fr\/contact\/","og_site_name":"R-4LIVING","article_modified_time":"2026-04-03T06:33:08+00:00","twitter_card":"summary_large_image","schema":{"@context":"https:\/\/schema.org","@graph":[{"@type":"WebPage","@id":"https:\/\/r-4living.be\/fr\/contact\/","url":"https:\/\/r-4living.be\/fr\/contact\/","name":"Contact - R-4LIVING","isPartOf":{"@id":"https:\/\/r-4living.be\/#website"},"datePublished":"2025-09-03T06:35:26+00:00","dateModified":"2026-04-03T06:33:08+00:00","breadcrumb":{"@id":"https:\/\/r-4living.be\/fr\/contact\/#breadcrumb"},"inLanguage":"fr-FR","potentialAction":[{"@type":"ReadAction","target":["https:\/\/r-4living.be\/fr\/contact\/"]}]},{"@type":"BreadcrumbList","@id":"https:\/\/r-4living.be\/fr\/contact\/#breadcrumb","itemListElement":[{"@type":"ListItem","position":1,"name":"Home","item":"https:\/\/r-4living.be\/fr\/"},{"@type":"ListItem","position":2,"name":"Contact"}]},{"@type":"WebSite","@id":"https:\/\/r-4living.be\/#website","url":"https:\/\/r-4living.be\/","name":"R-4LIVING","description":"Airvance Solutions","potentialAction":[{"@type":"SearchAction","target":{"@type":"EntryPoint","urlTemplate":"https:\/\/r-4living.be\/?s={search_term_string}"},"query-input":{"@type":"PropertyValueSpecification","valueRequired":true,"valueName":"search_term_string"}}],"inLanguage":"fr-FR"}]}},"_links":{"self":[{"href":"https:\/\/r-4living.be\/fr\/wp-json\/wp\/v2\/pages\/764","targetHints":{"allow":["GET"]}}],"collection":[{"href":"https:\/\/r-4living.be\/fr\/wp-json\/wp\/v2\/pages"}],"about":[{"href":"https:\/\/r-4living.be\/fr\/wp-json\/wp\/v2\/types\/page"}],"author":[{"embeddable":true,"href":"https:\/\/r-4living.be\/fr\/wp-json\/wp\/v2\/users\/1"}],"replies":[{"embeddable":true,"href":"https:\/\/r-4living.be\/fr\/wp-json\/wp\/v2\/comments?post=764"}],"version-history":[{"count":6,"href":"https:\/\/r-4living.be\/fr\/wp-json\/wp\/v2\/pages\/764\/revisions"}],"predecessor-version":[{"id":1651,"href":"https:\/\/r-4living.be\/fr\/wp-json\/wp\/v2\/pages\/764\/revisions\/1651"}],"wp:attachment":[{"href":"https:\/\/r-4living.be\/fr\/wp-json\/wp\/v2\/media?parent=764"}],"curies":[{"name":"wp","href":"https:\/\/api.w.org\/{rel}","templated":true}]}}