	{"id":1427,"date":"2025-12-02T16:38:56","date_gmt":"2025-12-02T16:38:56","guid":{"rendered":"https:\/\/r-4living.be\/applications\/"},"modified":"2026-04-09T11:43:27","modified_gmt":"2026-04-09T11:43:27","slug":"applications","status":"publish","type":"page","link":"https:\/\/r-4living.be\/fr\/applications\/","title":{"rendered":"Applications"},"content":{"rendered":"<div class=\"et_pb_section_0 et_pb_section et_section_regular et_flex_section\">\n<div class=\"et_pb_row_0 et_pb_row et_flex_row\">\n<div class=\"et_pb_column_0 et_pb_column et-last-child et_flex_column et_pb_css_mix_blend_mode_passthrough et_flex_column_24_24 et_flex_column_24_24_tablet et_flex_column_24_24_phone\">\n<div class=\"et_pb_text_0 et_pb_text et_pb_bg_layout_light et_pb_module et_block_module\"><div class=\"et_pb_text_inner\"><h1>Applications<\/h1>\n<\/div><\/div>\n\n<div class=\"et_pb_text_1 et_pb_text et_pb_bg_layout_light et_pb_module et_flex_module\"><div class=\"et_pb_text_inner\"><p>Vous souhaitez refroidir ou chauffer une ou plusieurs pi\u00e8ces ? Ou vous avez des besoins sp\u00e9cifiques ? Nos experts vous accompagnent vers une solution sur mesure.  <\/p>\n<\/div><\/div>\n<\/div>\n<\/div>\n<\/div>\n\n<div class=\"et_pb_section_1 et_pb_section et_section_regular et_flex_section\">\n<div class=\"et_pb_row_1 et_pb_row et_flex_row\">\n<div class=\"et_pb_column_1 et_pb_column et_flex_column et_pb_css_mix_blend_mode_passthrough et_flex_column_12_24 et_flex_column_12_24_tablet et_flex_column_24_24_phone\">\n<div class=\"et_pb_image_0 et_pb_image et_pb_module et_flex_module\"><span class=\"et_pb_image_wrap\"><img loading=\"lazy\" decoding=\"async\" src=\"https:\/\/r-4living.be\/wp-content\/uploads\/sites\/37\/2026\/03\/R4LivingBannerwebsite-1.jpg\" title=\"R4LivingBannerwebsite\" width=\"2560\" height=\"1654\" srcset=\"https:\/\/r-4living.be\/wp-content\/uploads\/sites\/37\/2026\/03\/R4LivingBannerwebsite-1.jpg 2560w, https:\/\/r-4living.be\/wp-content\/uploads\/sites\/37\/2026\/03\/R4LivingBannerwebsite-1-1280x827.jpg 1280w, https:\/\/r-4living.be\/wp-content\/uploads\/sites\/37\/2026\/03\/R4LivingBannerwebsite-1-980x633.jpg 980w, https:\/\/r-4living.be\/wp-content\/uploads\/sites\/37\/2026\/03\/R4LivingBannerwebsite-1-480x310.jpg 480w\" sizes=\"(min-width: 0px) and (max-width: 480px) 480px, (min-width: 481px) and (max-width: 980px) 980px, (min-width: 981px) and (max-width: 1280px) 1280px, (min-width: 1281px) 2560px, 100vw\" class=\"wp-image-1620\" \/><\/span><\/div>\n<\/div>\n\n<div class=\"et_pb_column_2 et_pb_column et-last-child et_flex_column et_pb_css_mix_blend_mode_passthrough et_flex_column_12_24 et_flex_column_12_24_tablet et_flex_column_24_24_phone\">\n<div class=\"et_pb_text_2 et_pb_text et_pb_bg_layout_light et_pb_module et_flex_module\"><div class=\"et_pb_text_inner\"><h4>Pour votre maison<\/h4>\n<p>Nos experts se feront un plaisir de vous conseiller sur toutes les possibilit\u00e9s :<\/p>\n<ul>\n<li>Mono-split<\/li>\n<li>Multi-split<\/li>\n<li>Monobloc<\/li>\n<li>Ou une combinaison des \u00e9l\u00e9ments ci-dessus<\/li>\n<\/ul>\n<p>Il existe donc toujours une solution adapt\u00e9e \u00e0 vos besoins.<\/p>\n<p>&nbsp;<\/p>\n<p>&nbsp;<\/p>\n<\/div><\/div>\n<\/div>\n<\/div>\n\n<div class=\"et_pb_row_2 et_pb_row et_flex_row\">\n<div class=\"et_pb_column_3 et_pb_column et_flex_column et_pb_css_mix_blend_mode_passthrough et_flex_column_12_24 et_flex_column_12_24_tablet et_flex_column_24_24_phone\">\n<div class=\"et_pb_text_3 et_pb_text et_pb_bg_layout_light et_pb_module et_flex_module\"><div class=\"et_pb_text_inner\"><h4>Pour votre appartement<\/h4>\n<p>Dans un appartement, il n'est pas toujours possible ni autoris\u00e9 d'installer une unit\u00e9 ext\u00e9rieure.<\/p>\n<p>Vous n'avez pas cette possibilit\u00e9 ? Alors R-4LIVING vous propose la solution id\u00e9ale avec la pompe \u00e0 chaleur tout-en-un. <\/p>\n<p>Avec seulement deux per\u00e7ages dans le mur, c'est le moyen le plus discret de refroidir ou de chauffer votre pi\u00e8ce.<\/p>\n<\/div><\/div>\n<\/div>\n\n<div class=\"et_pb_column_4 et_pb_column et-last-child et_flex_column et_pb_css_mix_blend_mode_passthrough et_flex_column_12_24 et_flex_column_12_24_tablet et_flex_column_24_24_phone\">\n<div class=\"et_pb_image_1 et_pb_image et_pb_module et_flex_module\"><span class=\"et_pb_image_wrap\"><img loading=\"lazy\" decoding=\"async\" src=\"https:\/\/r-4living.be\/wp-content\/uploads\/sites\/37\/2026\/04\/R4LivingBanner-scaled.jpg\" title=\"R4LivingBanner\" width=\"2560\" height=\"1654\" srcset=\"https:\/\/r-4living.be\/wp-content\/uploads\/sites\/37\/2026\/04\/R4LivingBanner-scaled.jpg 2560w, https:\/\/r-4living.be\/wp-content\/uploads\/sites\/37\/2026\/04\/R4LivingBanner-1280x827.jpg 1280w, https:\/\/r-4living.be\/wp-content\/uploads\/sites\/37\/2026\/04\/R4LivingBanner-980x633.jpg 980w, https:\/\/r-4living.be\/wp-content\/uploads\/sites\/37\/2026\/04\/R4LivingBanner-480x310.jpg 480w\" sizes=\"(min-width: 0px) and (max-width: 480px) 480px, (min-width: 481px) and (max-width: 980px) 980px, (min-width: 981px) and (max-width: 1280px) 1280px, (min-width: 1281px) 2560px, 100vw\" class=\"wp-image-1671\" \/><\/span><\/div>\n<\/div>\n<\/div>\n<\/div>","protected":false},"excerpt":{"rendered":"","protected":false},"author":1,"featured_media":0,"parent":0,"menu_order":0,"comment_status":"closed","ping_status":"closed","template":"","meta":{"_acf_changed":false,"footnotes":""},"class_list":["post-1427","page","type-page","status-publish","hentry"],"acf":[],"yoast_head":"<!-- This site is optimized with the Yoast SEO plugin v27.3 - https:\/\/yoast.com\/product\/yoast-seo-wordpress\/ -->\n<title>Applications - R-4LIVING<\/title>\n<meta name=\"robots\" content=\"index, follow, max-snippet:-1, max-image-preview:large, max-video-preview:-1\" \/>\n<link rel=\"canonical\" href=\"https:\/\/r-4living.be\/fr\/applications\/\" \/>\n<meta property=\"og:locale\" content=\"fr_FR\" \/>\n<meta property=\"og:type\" content=\"article\" \/>\n<meta property=\"og:title\" content=\"Applications - R-4LIVING\" \/>\n<meta property=\"og:url\" content=\"https:\/\/r-4living.be\/fr\/applications\/\" \/>\n<meta property=\"og:site_name\" content=\"R-4LIVING\" \/>\n<meta property=\"article:modified_time\" content=\"2026-04-09T11:43:27+00:00\" \/>\n<meta name=\"twitter:card\" content=\"summary_large_image\" \/>\n<script type=\"application\/ld+json\" class=\"yoast-schema-graph\">{\"@context\":\"https:\\\/\\\/schema.org\",\"@graph\":[{\"@type\":\"WebPage\",\"@id\":\"https:\\\/\\\/r-4living.be\\\/fr\\\/applications\\\/\",\"url\":\"https:\\\/\\\/r-4living.be\\\/fr\\\/applications\\\/\",\"name\":\"Applications - R-4LIVING\",\"isPartOf\":{\"@id\":\"https:\\\/\\\/r-4living.be\\\/#website\"},\"datePublished\":\"2025-12-02T16:38:56+00:00\",\"dateModified\":\"2026-04-09T11:43:27+00:00\",\"breadcrumb\":{\"@id\":\"https:\\\/\\\/r-4living.be\\\/fr\\\/applications\\\/#breadcrumb\"},\"inLanguage\":\"fr-FR\",\"potentialAction\":[{\"@type\":\"ReadAction\",\"target\":[\"https:\\\/\\\/r-4living.be\\\/fr\\\/applications\\\/\"]}]},{\"@type\":\"BreadcrumbList\",\"@id\":\"https:\\\/\\\/r-4living.be\\\/fr\\\/applications\\\/#breadcrumb\",\"itemListElement\":[{\"@type\":\"ListItem\",\"position\":1,\"name\":\"Home\",\"item\":\"https:\\\/\\\/r-4living.be\\\/fr\\\/\"},{\"@type\":\"ListItem\",\"position\":2,\"name\":\"Applications\"}]},{\"@type\":\"WebSite\",\"@id\":\"https:\\\/\\\/r-4living.be\\\/#website\",\"url\":\"https:\\\/\\\/r-4living.be\\\/\",\"name\":\"R-4LIVING\",\"description\":\"Airvance Solutions\",\"potentialAction\":[{\"@type\":\"SearchAction\",\"target\":{\"@type\":\"EntryPoint\",\"urlTemplate\":\"https:\\\/\\\/r-4living.be\\\/?s={search_term_string}\"},\"query-input\":{\"@type\":\"PropertyValueSpecification\",\"valueRequired\":true,\"valueName\":\"search_term_string\"}}],\"inLanguage\":\"fr-FR\"}]}<\/script>\n<!-- \/ Yoast SEO plugin. -->","yoast_head_json":{"title":"Applications - R-4LIVING","robots":{"index":"index","follow":"follow","max-snippet":"max-snippet:-1","max-image-preview":"max-image-preview:large","max-video-preview":"max-video-preview:-1"},"canonical":"https:\/\/r-4living.be\/fr\/applications\/","og_locale":"fr_FR","og_type":"article","og_title":"Applications - R-4LIVING","og_url":"https:\/\/r-4living.be\/fr\/applications\/","og_site_name":"R-4LIVING","article_modified_time":"2026-04-09T11:43:27+00:00","twitter_card":"summary_large_image","schema":{"@context":"https:\/\/schema.org","@graph":[{"@type":"WebPage","@id":"https:\/\/r-4living.be\/fr\/applications\/","url":"https:\/\/r-4living.be\/fr\/applications\/","name":"Applications - R-4LIVING","isPartOf":{"@id":"https:\/\/r-4living.be\/#website"},"datePublished":"2025-12-02T16:38:56+00:00","dateModified":"2026-04-09T11:43:27+00:00","breadcrumb":{"@id":"https:\/\/r-4living.be\/fr\/applications\/#breadcrumb"},"inLanguage":"fr-FR","potentialAction":[{"@type":"ReadAction","target":["https:\/\/r-4living.be\/fr\/applications\/"]}]},{"@type":"BreadcrumbList","@id":"https:\/\/r-4living.be\/fr\/applications\/#breadcrumb","itemListElement":[{"@type":"ListItem","position":1,"name":"Home","item":"https:\/\/r-4living.be\/fr\/"},{"@type":"ListItem","position":2,"name":"Applications"}]},{"@type":"WebSite","@id":"https:\/\/r-4living.be\/#website","url":"https:\/\/r-4living.be\/","name":"R-4LIVING","description":"Airvance Solutions","potentialAction":[{"@type":"SearchAction","target":{"@type":"EntryPoint","urlTemplate":"https:\/\/r-4living.be\/?s={search_term_string}"},"query-input":{"@type":"PropertyValueSpecification","valueRequired":true,"valueName":"search_term_string"}}],"inLanguage":"fr-FR"}]}},"_links":{"self":[{"href":"https:\/\/r-4living.be\/fr\/wp-json\/wp\/v2\/pages\/1427","targetHints":{"allow":["GET"]}}],"collection":[{"href":"https:\/\/r-4living.be\/fr\/wp-json\/wp\/v2\/pages"}],"about":[{"href":"https:\/\/r-4living.be\/fr\/wp-json\/wp\/v2\/types\/page"}],"author":[{"embeddable":true,"href":"https:\/\/r-4living.be\/fr\/wp-json\/wp\/v2\/users\/1"}],"replies":[{"embeddable":true,"href":"https:\/\/r-4living.be\/fr\/wp-json\/wp\/v2\/comments?post=1427"}],"version-history":[{"count":5,"href":"https:\/\/r-4living.be\/fr\/wp-json\/wp\/v2\/pages\/1427\/revisions"}],"predecessor-version":[{"id":1674,"href":"https:\/\/r-4living.be\/fr\/wp-json\/wp\/v2\/pages\/1427\/revisions\/1674"}],"wp:attachment":[{"href":"https:\/\/r-4living.be\/fr\/wp-json\/wp\/v2\/media?parent=1427"}],"curies":[{"name":"wp","href":"https:\/\/api.w.org\/{rel}","templated":true}]}}