	{"id":1423,"date":"2025-12-23T10:14:15","date_gmt":"2025-12-23T10:14:15","guid":{"rendered":"https:\/\/r-4living.be\/produits\/climatisation-sans-unite-exterieure\/"},"modified":"2026-03-12T09:17:16","modified_gmt":"2026-03-12T09:17:16","slug":"climatisation-sans-unite-exterieure","status":"publish","type":"page","link":"https:\/\/r-4living.be\/fr\/produits\/climatisation-sans-unite-exterieure\/","title":{"rendered":"Climatisation sans unit\u00e9 ext\u00e9rieure"},"content":{"rendered":"<div class=\"et_pb_section_0 et_pb_section et_section_regular et_flex_section\">\n<div class=\"et_pb_row_0 et_pb_row et_flex_row\">\n<div class=\"et_pb_column_0 et_pb_column et-last-child et_flex_column et_pb_css_mix_blend_mode_passthrough et_flex_column_24_24 et_flex_column_24_24_tablet et_flex_column_24_24_phone\">\n<div class=\"et_pb_module et_pb_button_module_wrapper et_pb_button_0_wrapper\"><a class=\"et_pb_button_0 et_pb_button et_pb_bg_layout_light et_pb_module et_block_module\" href=\"\/fr\/contact\/\">Devis gratuit<\/a><\/div>\n<\/div>\n<\/div>\n<\/div>\n\n<div class=\"et_pb_section_1 et_pb_section et_section_regular et_flex_section\">\n<div class=\"et_pb_row_1 et_pb_row et_flex_row\">\n<div class=\"et_pb_column_1 et_pb_column et-last-child et_flex_column et_pb_css_mix_blend_mode_passthrough et_flex_column_24_24 et_flex_column_24_24_tablet et_flex_column_24_24_phone\">\n<div class=\"et_pb_text_0 et_pb_text et_pb_bg_layout_light et_pb_module et_block_module\"><div class=\"et_pb_text_inner\"><h1>L'innovation tout-en-un<\/h1>\n<\/div><\/div>\n\n<div class=\"et_pb_text_1 et_pb_text et_pb_bg_layout_light et_pb_module et_flex_module\"><div class=\"et_pb_text_inner\"><p>Vous ne pouvez ou ne souhaitez pas installer d'unit\u00e9 ext\u00e9rieure ? Le R-4LIVING WAVE est une v\u00e9ritable r\u00e9volution dans le domaine de la climatisation ! Cette pompe \u00e0 chaleur air-air compl\u00e8te est id\u00e9ale pour les appartements, les fa\u00e7ades prot\u00e9g\u00e9es ou les endroits o\u00f9 l'installation d'une unit\u00e9 ext\u00e9rieure n'est pas possible ou autoris\u00e9e.  <\/p>\n<p>Cette pompe \u00e0 chaleur innovante combine la technologie des unit\u00e9s int\u00e9rieure et ext\u00e9rieure dans un seul appareil \u00e9l\u00e9gant. Le r\u00e9sultat ? Un syst\u00e8me complet qui refroidit et chauffe sans impact sur votre fa\u00e7ade.  <\/p>\n<\/div><\/div>\n\n<div class=\"et_pb_row_2 et_pb_row et_pb_row_nested et_flex_row\">\n<div class=\"et_pb_column_2 et_pb_column et-last-child et_flex_column et_pb_css_mix_blend_mode_passthrough et_flex_column_24_24 et_flex_column_24_24_tablet et_flex_column_24_24_phone\">\n<div class=\"et_pb_text_2 et_pb_text et_pb_bg_layout_light et_pb_module et_block_module\"><div class=\"et_pb_text_inner\"><div class='product-grid'><div class='product-grid-item'>\t<a href='https:\/\/r-4living.be\/fr\/product\/wave-tout-en-un\/'>\t\t<img src='https:\/\/r-4living.be\/wp-content\/uploads\/sites\/37\/2025\/12\/WAVE-FOR-WEB.png' class='product_fimg' \/>\t<\/a>\t<div class='product-content'>\t\t<h4 class='product-title'>WAVE | Tout-en-un<\/h4>\t\t<div class='post-excerpt'><p>Le R-4LIVING WAVE est une pompe \u00e0 chaleur r\u00e9volutionnaire tout-en-un sans unit\u00e9 ext\u00e9rieure, id\u00e9ale pour les endroits o\u00f9 les unit\u00e9s externes ne sont pas possibles. Cette solution innovante offre \u00e0 la fois refroidissement et chauffage jusqu&rsquo;\u00e0 -10\u00b0C avec un r\u00e9frig\u00e9rant R290 respectueux de l&rsquo;environnement.<\/p>\n<\/div>\t\t<a href='https:\/\/r-4living.be\/fr\/product\/wave-tout-en-un\/' class='read-more'>En savoir plus<\/a>\t<\/div><\/div><\/div><div class='post-nav'><\/div>\n<\/div><\/div>\n<\/div>\n<\/div>\n\n<div class=\"et_pb_heading_0 et_pb_heading et_pb_module et_flex_module\"><div class=\"et_pb_heading_container\"><h1 class=\"et_pb_module_header\">Installation en seulement 3 heures<\/h1><\/div><\/div>\n\n<div class=\"et_pb_text_3 et_pb_text et_pb_bg_layout_light et_pb_module et_flex_module\"><div class=\"et_pb_text_inner\"><p>Tout ce dont vous avez besoin pour l'installation :<\/p>\n<ul>\n<li>Deux petites ouvertures murales de 182 mm<\/li>\n<li>Prise standard (230 V)<\/li>\n<\/ul>\n<\/div><\/div>\n<\/div>\n<\/div>\n<\/div>\n\n<div class=\"et_pb_section_2 et_pb_section et_section_regular et_flex_section\">\n<div class=\"et_pb_row_3 et_pb_row et_flex_row\">\n<div class=\"et_pb_column_3 et_pb_column et_flex_column et_pb_css_mix_blend_mode_passthrough et_flex_column_6_24 et_flex_column_12_24_tablet et_flex_column_24_24_phone\">\n<div class=\"et_pb_blurb_0 et_pb_blurb et_pb_bg_layout_light et_pb_text_align_center et_pb_blurb_position_top et_animated et_pb_module et_block_module\"><div class=\"et_pb_blurb_content\"><div class=\"et_pb_main_blurb_image\"><span class=\"et_pb_image_wrap et_pb_only_image_mode_wrap\"><img loading=\"lazy\" decoding=\"async\" src=\"https:\/\/r-4living.be\/wp-content\/uploads\/sites\/37\/2025\/12\/Wave-Inverter.png\" width=\"50\" height=\"42\" srcset=\"https:\/\/r-4living.be\/wp-content\/uploads\/sites\/37\/2025\/12\/Wave-Inverter.png 50w\" sizes=\"(max-width: 50px) 100vw, 50px\" class=\"wp-image-1273\" title=\"Wave Inverter\" \/><\/span><\/div><div class=\"et_pb_blurb_container\"><h4 class=\"et_pb_module_header\">Compresseur inverter<\/h4><div class=\"et_pb_blurb_description\"><p>Refroidir et chauffer dans un seul appareil.<\/p>\n<\/div><\/div><\/div><\/div>\n<\/div>\n\n<div class=\"et_pb_column_4 et_pb_column et_flex_column et_pb_css_mix_blend_mode_passthrough et_flex_column_6_24 et_flex_column_12_24_tablet et_flex_column_24_24_phone\">\n<div class=\"et_pb_blurb_1 et_pb_blurb et_pb_bg_layout_light et_pb_blurb_position_top et_animated et_pb_module et_block_module\"><div class=\"et_pb_blurb_content\"><div class=\"et_pb_main_blurb_image\"><span class=\"et_pb_image_wrap et_pb_only_image_mode_wrap\"><img loading=\"lazy\" decoding=\"async\" src=\"https:\/\/r-4living.be\/wp-content\/uploads\/sites\/37\/2025\/12\/Wave-Touch-bediening.png\" width=\"50\" height=\"50\" srcset=\"https:\/\/r-4living.be\/wp-content\/uploads\/sites\/37\/2025\/12\/Wave-Touch-bediening.png 50w\" sizes=\"(max-width: 50px) 100vw, 50px\" class=\"wp-image-1274\" title=\"Wave Touch bediening\" \/><\/span><\/div><div class=\"et_pb_blurb_container\"><h4 class=\"et_pb_module_header\">Commande tactile int\u00e9gr\u00e9e<\/h4><div class=\"et_pb_blurb_description\"><p>Votre appareil facile \u00e0 utiliser.<\/p>\n<\/div><\/div><\/div><\/div>\n<\/div>\n\n<div class=\"et_pb_column_5 et_pb_column et_flex_column et_pb_css_mix_blend_mode_passthrough et_flex_column_6_24 et_flex_column_12_24_tablet et_flex_column_24_24_phone\">\n<div class=\"et_pb_blurb_2 et_pb_blurb et_pb_bg_layout_light et_pb_blurb_position_top et_animated et_pb_module et_block_module\"><div class=\"et_pb_blurb_content\"><div class=\"et_pb_main_blurb_image\"><span class=\"et_pb_image_wrap et_pb_only_image_mode_wrap\"><img loading=\"lazy\" decoding=\"async\" src=\"https:\/\/r-4living.be\/wp-content\/uploads\/sites\/37\/2025\/12\/Wave-IR.png\" width=\"50\" height=\"56\" srcset=\"https:\/\/r-4living.be\/wp-content\/uploads\/sites\/37\/2025\/12\/Wave-IR.png 50w\" sizes=\"(max-width: 50px) 100vw, 50px\" class=\"wp-image-1275\" title=\"Wave IR\" \/><\/span><\/div><div class=\"et_pb_blurb_container\"><h4 class=\"et_pb_module_header\">Commande infrarouge<\/h4><div class=\"et_pb_blurb_description\"><p>T\u00e9l\u00e9commande fournie.<\/p>\n<\/div><\/div><\/div><\/div>\n<\/div>\n\n<div class=\"et_pb_column_6 et_pb_column et-last-child et_flex_column et_pb_css_mix_blend_mode_passthrough et_flex_column_6_24 et_flex_column_12_24_tablet et_flex_column_24_24_phone\">\n<div class=\"et_pb_blurb_3 et_pb_blurb et_pb_bg_layout_light et_pb_blurb_position_top et_animated et_pb_module et_block_module\"><div class=\"et_pb_blurb_content\"><div class=\"et_pb_main_blurb_image\"><span class=\"et_pb_image_wrap et_pb_only_image_mode_wrap\"><img loading=\"lazy\" decoding=\"async\" src=\"https:\/\/r-4living.be\/wp-content\/uploads\/sites\/37\/2025\/12\/Wave-luchtfilter.png\" width=\"50\" height=\"35\" srcset=\"https:\/\/r-4living.be\/wp-content\/uploads\/sites\/37\/2025\/12\/Wave-luchtfilter.png 50w\" sizes=\"(max-width: 50px) 100vw, 50px\" class=\"wp-image-1276\" title=\"Wave luchtfilter\" \/><\/span><\/div><div class=\"et_pb_blurb_container\"><h4 class=\"et_pb_module_header\">filtre \u00e0 air<\/h4><div class=\"et_pb_blurb_description\"><p>Pour une qualit\u00e9 d'air optimale<\/p>\n<\/div><\/div><\/div><\/div>\n<\/div>\n<\/div>\n\n<div class=\"et_pb_row_4 et_pb_row et_flex_row\">\n<div class=\"et_pb_column_7 et_pb_column et-last-child et_flex_column et_pb_css_mix_blend_mode_passthrough et_flex_column_24_24 et_flex_column_24_24_tablet et_flex_column_24_24_phone\">\n<div class=\"et_pb_image_0 et_pb_image et_pb_module et_flex_module\"><span class=\"et_pb_image_wrap\"><img loading=\"lazy\" decoding=\"async\" src=\"https:\/\/r-4living.be\/wp-content\/uploads\/sites\/37\/2026\/01\/WAVE-Commande.jpg\" title=\"WAVE Commande\" width=\"1191\" height=\"425\" srcset=\"https:\/\/r-4living.be\/wp-content\/uploads\/sites\/37\/2026\/01\/WAVE-Commande.jpg 1191w, https:\/\/r-4living.be\/wp-content\/uploads\/sites\/37\/2026\/01\/WAVE-Commande-980x350.jpg 980w, https:\/\/r-4living.be\/wp-content\/uploads\/sites\/37\/2026\/01\/WAVE-Commande-480x171.jpg 480w\" sizes=\"(min-width: 0px) and (max-width: 480px) 480px, (min-width: 481px) and (max-width: 980px) 980px, (min-width: 981px) 1191px, 100vw\" class=\"wp-image-1592\" \/><\/span><\/div>\n<\/div>\n<\/div>\n<\/div>\n\n<div class=\"et_pb_section_3 et_pb_section et_section_regular et_flex_section\">\n<div class=\"et_pb_row_5 et_pb_row et_flex_row\">\n<div class=\"et_pb_column_8 et_pb_column et-last-child et_flex_column et_pb_css_mix_blend_mode_passthrough et_flex_column_24_24 et_flex_column_24_24_tablet et_flex_column_24_24_phone\">\n<div class=\"et_pb_heading_1 et_pb_heading et_pb_module et_flex_module\"><div class=\"et_pb_heading_container\"><h1 class=\"et_pb_module_header\">Commande \u00e0 distance<\/h1><\/div><\/div>\n\n<div class=\"et_pb_text_4 et_pb_text et_pb_bg_layout_light et_pb_module et_flex_module\"><div class=\"et_pb_text_inner\"><p>Gr\u00e2ce au module Wi-Fi int\u00e9gr\u00e9 et \u00e0 l'application conviviale \u00ab SMART LIFE \u00bb, vous pouvez contr\u00f4ler le Wave o\u00f9 et quand vous le souhaitez.<\/p>\n<\/div><\/div>\n<\/div>\n<\/div>\n\n<div class=\"et_pb_row_6 et_pb_row et_flex_row\">\n<div class=\"et_pb_column_9 et_pb_column et_flex_column et_pb_css_mix_blend_mode_passthrough et_flex_column_2_5 et_flex_column_2_5_tablet et_flex_column_24_24_phone\">\n<div class=\"et_pb_image_1 et_pb_image et_pb_module et_flex_module\"><span class=\"et_pb_image_wrap\"><img loading=\"lazy\" decoding=\"async\" src=\"https:\/\/r-4living.be\/wp-content\/uploads\/sites\/37\/2025\/12\/Smart-life-App.jpg\" title=\"Smart life App\" width=\"800\" height=\"457\" srcset=\"https:\/\/r-4living.be\/wp-content\/uploads\/sites\/37\/2025\/12\/Smart-life-App.jpg 800w, https:\/\/r-4living.be\/wp-content\/uploads\/sites\/37\/2025\/12\/Smart-life-App-480x274.jpg 480w\" sizes=\"(min-width: 0px) and (max-width: 480px) 480px, (min-width: 481px) 800px, 100vw\" class=\"wp-image-1279\" \/><\/span><\/div>\n<\/div>\n\n<div class=\"et_pb_column_10 et_pb_column et-last-child et_flex_column et_pb_css_mix_blend_mode_passthrough et_flex_column_3_5 et_flex_column_3_5_tablet et_flex_column_24_24_phone\">\n<div class=\"et_pb_image_2 et_pb_image et_pb_module et_flex_module\"><span class=\"et_pb_image_wrap\"><img loading=\"lazy\" decoding=\"async\" src=\"https:\/\/r-4living.be\/wp-content\/uploads\/sites\/37\/2025\/12\/QR-SMART-LIFE.png\" title=\"QR SMART LIFE\" width=\"328\" height=\"160\" srcset=\"https:\/\/r-4living.be\/wp-content\/uploads\/sites\/37\/2025\/12\/QR-SMART-LIFE.png 328w, https:\/\/r-4living.be\/wp-content\/uploads\/sites\/37\/2025\/12\/QR-SMART-LIFE-300x146.png 300w\" sizes=\"(max-width: 328px) 100vw, 328px\" class=\"wp-image-1402\" \/><\/span><\/div>\n<\/div>\n<\/div>\n<\/div>\n\n<div class=\"et_pb_section_4 et_pb_section et_section_regular et_flex_section\">\n<div class=\"et_pb_row_7 et_pb_row et_flex_row\">\n<div class=\"et_pb_column_11 et_pb_column et_flex_column et_pb_css_mix_blend_mode_passthrough et_flex_column_6_24 et_flex_column_12_24_tablet et_flex_column_24_24_phone\">\n<div class=\"et_pb_group_0 et_pb_group et-last-child et_pb_module et_flex_group et_pb_css_mix_blend_mode_passthrough et_clickable\">\n<div class=\"et_pb_text_5 et_pb_text et_pb_bg_layout_light et_pb_module et_block_module\"><div class=\"et_pb_text_inner\"><h4>De la place pour une unit\u00e9 ext\u00e9rieure ?<\/h4>\n<\/div><\/div>\n\n<div class=\"et_pb_text_6 et_pb_text et_pb_bg_layout_light et_pb_module et_block_module\"><div class=\"et_pb_text_inner\"><p>D\u00e9couvrez nos mod\u00e8les VIVA, ONYX et TERRA \u00e0 haute efficacit\u00e9 \u00e9nerg\u00e9tique. Disponibles en version mono-split et multi-split. <\/p>\n<p><u>En savoir plus \u2026<\/u><\/p>\n<\/div><\/div>\n<\/div>\n<\/div>\n\n<div class=\"et_pb_column_12 et_pb_column et_flex_column et_pb_css_mix_blend_mode_passthrough et_flex_column_6_24 et_flex_column_12_24_tablet et_flex_column_24_24_phone\">\n<div class=\"et_pb_group_1 et_pb_group et-last-child et_pb_module et_flex_group et_pb_css_mix_blend_mode_passthrough et_clickable\">\n<div class=\"et_pb_text_7 et_pb_text et_pb_bg_layout_light et_pb_module et_block_module\"><div class=\"et_pb_text_inner\"><h4><strong>R\u00e9nover et abandonner le gaz ?<\/strong><\/h4>\n<\/div><\/div>\n\n<div class=\"et_pb_text_8 et_pb_text et_pb_bg_layout_light et_pb_module et_block_module\"><div class=\"et_pb_text_inner\"><p>Gr\u00e2ce \u00e0 R-4LIVING, vous pouvez remplacer l'ensemble de votre installation de chauffage avec un minimum de travaux de d\u00e9molition.<\/p>\n<p><span style=\"text-decoration: underline\"> En savoir plus ...<\/span> <\/p>\n<\/div><\/div>\n<\/div>\n<\/div>\n\n<div class=\"et_pb_column_13 et_pb_column et_flex_column et_pb_css_mix_blend_mode_passthrough et_flex_column_6_24 et_flex_column_12_24_tablet et_flex_column_24_24_phone\">\n<div class=\"et_pb_group_2 et_pb_group et-last-child et_pb_module et_flex_group et_pb_css_mix_blend_mode_passthrough et_clickable\">\n<div class=\"et_pb_text_9 et_pb_text et_pb_bg_layout_light et_pb_module et_block_module\"><div class=\"et_pb_text_inner\"><h4><strong>Chauffage et eau chaude ?<\/strong><\/h4>\n<\/div><\/div>\n\n<div class=\"et_pb_text_10 et_pb_text et_pb_bg_layout_light et_pb_module et_block_module\"><div class=\"et_pb_text_inner\"><p>Vous recherchez une solution compl\u00e8te pour le chauffage et l'eau chaude sanitaire ? D\u00e9couvrez les pompes \u00e0 chaleur R-AQUA. Un chauffage durable sans combustibles fossiles, avec jusqu'\u00e0 75 % d'\u00e9missions de CO2 en moins.  <\/p>\n<p><u>D\u00e9couvrez R-AQUA<\/u><\/p>\n<\/div><\/div>\n<\/div>\n<\/div>\n\n<div class=\"et_pb_column_14 et_pb_column et-last-child et_flex_column et_pb_css_mix_blend_mode_passthrough et_flex_column_6_24 et_flex_column_12_24_tablet et_flex_column_24_24_phone\">\n<div class=\"et_pb_group_3 et_pb_group et-last-child et_pb_module et_flex_group et_pb_css_mix_blend_mode_passthrough et_clickable\">\n<div class=\"et_pb_text_11 et_pb_text et_pb_bg_layout_light et_pb_module et_block_module\"><div class=\"et_pb_text_inner\"><h4><strong>Vous ne savez pas quelle solution vous convient le mieux ?<\/strong><\/h4>\n<\/div><\/div>\n\n<div class=\"et_pb_text_12 et_pb_text et_pb_bg_layout_light et_pb_module et_block_module\"><div class=\"et_pb_text_inner\"><p>Nos experts se feront un plaisir de vous conseiller sur la solution climatique id\u00e9ale pour votre habitation ou votre entreprise. Enti\u00e8rement gratuit et sans engagement. <\/p>\n<p><u>En savoir plus \u2026<\/u><\/p>\n<\/div><\/div>\n<\/div>\n<\/div>\n<\/div>\n<\/div>\n\n<div class=\"et_pb_section_5 et_pb_section et_section_regular et_flex_section\">\n<div class=\"et_pb_row_8 et_pb_row et_flex_row\">\n<div class=\"et_pb_column_15 et_pb_column et-last-child et_flex_column et_pb_css_mix_blend_mode_passthrough et_flex_column_24_24 et_flex_column_24_24_tablet et_flex_column_24_24_phone\">\n<div class=\"et_pb_text_13 et_pb_text et_pb_bg_layout_light et_pb_module et_block_module\"><div class=\"et_pb_text_inner\" data-et-mv-hidden-phone=\"true\"><h2>Questions fr\u00e9quemment pos\u00e9es<\/h2>\n<\/div><\/div>\n\n<div class=\"et_pb_toggle_0 et_pb_toggle et_pb_toggle_item et_pb_toggle_close et_pb_module et_flex_module\"><h4 class=\"et_pb_toggle_title\">La pompe \u00e0 chaleur est-elle adapt\u00e9e \u00e0 un appartement ?<\/h4><div class=\"et_pb_toggle_content clearfix et_flex_module\"><p><span>Ja, zeker! Sterker nog, de R-4LIVING All-in-one is speciaal ontwikkeld voor appartementen waar een buitenunit niet mogelijk of gewenst is. Dit systeem werkt volledig zonder buitenunit en vereist meestal geen toestemming van de syndicus. Voor appartementen waar een buitenunit w\u00e9l mag, zijn onze compacte split systemen ook uitstekend geschikt. Multi-split systemen laten u meerdere kamers klimatiseren met slechts \u00e9\u00e9n discrete buitenunit.    <\/span><\/p>\n<\/div><\/div>\n\n<div class=\"et_pb_toggle_1 et_pb_toggle et_pb_toggle_item et_pb_toggle_close et_pb_module et_flex_module\"><h4 class=\"et_pb_toggle_title\">Le syst\u00e8me tout-en-un est-il aussi puissant qu'un syst\u00e8me avec unit\u00e9 ext\u00e9rieure ?<\/h4><div class=\"et_pb_toggle_content clearfix et_flex_module\"><p>Pour les pi\u00e8ces jusqu'\u00e0 35 m\u00b2, notre pompe \u00e0 chaleur tout-en-un offre des performances optimales. Pour les tr\u00e8s grands espaces ou les situations extr\u00eames, nous recommandons un syst\u00e8me split classique avec unit\u00e9 ext\u00e9rieure. <\/p>\n<\/div><\/div>\n\n<div class=\"et_pb_toggle_2 et_pb_toggle et_pb_toggle_item et_pb_toggle_close et_pb_module et_flex_module\"><h4 class=\"et_pb_toggle_title\">Quel est le niveau sonore de la pompe \u00e0 chaleur tout-en-un ?<\/h4><div class=\"et_pb_toggle_content clearfix et_flex_module\"><p>\u00c9tonnamment silencieux ! 39-47 dB(A) \u00e0 l'int\u00e9rieur et 43 dB(A) \u00e0 l'ext\u00e9rieur via les passages muraux <\/p>\n<\/div><\/div>\n\n<div class=\"et_pb_toggle_3 et_pb_toggle et_pb_toggle_item et_pb_toggle_close et_pb_module et_flex_module\"><h4 class=\"et_pb_toggle_title\">Et si je d\u00e9m\u00e9nage plus tard ?<\/h4><div class=\"et_pb_toggle_content clearfix et_flex_module\"><p>La pompe \u00e0 chaleur tout-en-un est relativement facile \u00e0 transporter vers votre nouvelle habitation. Les passages muraux peuvent \u00eatre facilement dissimul\u00e9s ult\u00e9rieurement. <\/p>\n<\/div><\/div>\n\n<div class=\"et_pb_toggle_4 et_pb_toggle et_pb_toggle_item et_pb_toggle_close et_pb_module et_flex_module\"><h4 class=\"et_pb_toggle_title\">Combien co\u00fbte la pompe \u00e0 chaleur tout-en-un ?<\/h4><div class=\"et_pb_toggle_content clearfix et_flex_module\"><p>Gr\u00e2ce \u00e0 l'installation rapide, les co\u00fbts totaux sont souvent inf\u00e9rieurs \u00e0 ceux des syst\u00e8mes split classiques. \u00c0 partir de 1380\u20ac (hors TVA), vous pouvez d\u00e9j\u00e0 profiter de la temp\u00e9rature id\u00e9ale toute l'ann\u00e9e.  <\/p>\n<\/div><\/div>\n<\/div>\n<\/div>\n<\/div>","protected":false},"excerpt":{"rendered":"","protected":false},"author":31,"featured_media":0,"parent":1417,"menu_order":0,"comment_status":"closed","ping_status":"closed","template":"","meta":{"_acf_changed":false,"footnotes":""},"class_list":["post-1423","page","type-page","status-publish","hentry"],"acf":[],"yoast_head":"<!-- This site is optimized with the Yoast SEO plugin v27.3 - https:\/\/yoast.com\/product\/yoast-seo-wordpress\/ -->\n<title>Climatisation sans unit\u00e9 ext\u00e9rieure - R-4LIVING<\/title>\n<meta name=\"robots\" content=\"index, follow, max-snippet:-1, max-image-preview:large, max-video-preview:-1\" \/>\n<link rel=\"canonical\" href=\"https:\/\/r-4living.be\/fr\/produits\/climatisation-sans-unite-exterieure\/\" \/>\n<meta property=\"og:locale\" content=\"fr_FR\" \/>\n<meta property=\"og:type\" content=\"article\" \/>\n<meta property=\"og:title\" content=\"Climatisation sans unit\u00e9 ext\u00e9rieure - R-4LIVING\" \/>\n<meta property=\"og:url\" content=\"https:\/\/r-4living.be\/fr\/produits\/climatisation-sans-unite-exterieure\/\" \/>\n<meta property=\"og:site_name\" content=\"R-4LIVING\" \/>\n<meta property=\"article:modified_time\" content=\"2026-03-12T09:17:16+00:00\" \/>\n<meta name=\"twitter:card\" content=\"summary_large_image\" \/>\n<script type=\"application\/ld+json\" class=\"yoast-schema-graph\">{\"@context\":\"https:\\\/\\\/schema.org\",\"@graph\":[{\"@type\":\"WebPage\",\"@id\":\"https:\\\/\\\/r-4living.be\\\/fr\\\/produits\\\/climatisation-sans-unite-exterieure\\\/\",\"url\":\"https:\\\/\\\/r-4living.be\\\/fr\\\/produits\\\/climatisation-sans-unite-exterieure\\\/\",\"name\":\"Climatisation sans unit\u00e9 ext\u00e9rieure - R-4LIVING\",\"isPartOf\":{\"@id\":\"https:\\\/\\\/r-4living.be\\\/#website\"},\"datePublished\":\"2025-12-23T10:14:15+00:00\",\"dateModified\":\"2026-03-12T09:17:16+00:00\",\"breadcrumb\":{\"@id\":\"https:\\\/\\\/r-4living.be\\\/fr\\\/produits\\\/climatisation-sans-unite-exterieure\\\/#breadcrumb\"},\"inLanguage\":\"fr-FR\",\"potentialAction\":[{\"@type\":\"ReadAction\",\"target\":[\"https:\\\/\\\/r-4living.be\\\/fr\\\/produits\\\/climatisation-sans-unite-exterieure\\\/\"]}]},{\"@type\":\"BreadcrumbList\",\"@id\":\"https:\\\/\\\/r-4living.be\\\/fr\\\/produits\\\/climatisation-sans-unite-exterieure\\\/#breadcrumb\",\"itemListElement\":[{\"@type\":\"ListItem\",\"position\":1,\"name\":\"Home\",\"item\":\"https:\\\/\\\/r-4living.be\\\/fr\\\/\"},{\"@type\":\"ListItem\",\"position\":2,\"name\":\"Produits\",\"item\":\"https:\\\/\\\/r-4living.be\\\/fr\\\/produits\\\/\"},{\"@type\":\"ListItem\",\"position\":3,\"name\":\"Climatisation sans unit\u00e9 ext\u00e9rieure\"}]},{\"@type\":\"WebSite\",\"@id\":\"https:\\\/\\\/r-4living.be\\\/#website\",\"url\":\"https:\\\/\\\/r-4living.be\\\/\",\"name\":\"R-4LIVING\",\"description\":\"Airvance Solutions\",\"potentialAction\":[{\"@type\":\"SearchAction\",\"target\":{\"@type\":\"EntryPoint\",\"urlTemplate\":\"https:\\\/\\\/r-4living.be\\\/?s={search_term_string}\"},\"query-input\":{\"@type\":\"PropertyValueSpecification\",\"valueRequired\":true,\"valueName\":\"search_term_string\"}}],\"inLanguage\":\"fr-FR\"}]}<\/script>\n<!-- \/ Yoast SEO plugin. -->","yoast_head_json":{"title":"Climatisation sans unit\u00e9 ext\u00e9rieure - R-4LIVING","robots":{"index":"index","follow":"follow","max-snippet":"max-snippet:-1","max-image-preview":"max-image-preview:large","max-video-preview":"max-video-preview:-1"},"canonical":"https:\/\/r-4living.be\/fr\/produits\/climatisation-sans-unite-exterieure\/","og_locale":"fr_FR","og_type":"article","og_title":"Climatisation sans unit\u00e9 ext\u00e9rieure - R-4LIVING","og_url":"https:\/\/r-4living.be\/fr\/produits\/climatisation-sans-unite-exterieure\/","og_site_name":"R-4LIVING","article_modified_time":"2026-03-12T09:17:16+00:00","twitter_card":"summary_large_image","schema":{"@context":"https:\/\/schema.org","@graph":[{"@type":"WebPage","@id":"https:\/\/r-4living.be\/fr\/produits\/climatisation-sans-unite-exterieure\/","url":"https:\/\/r-4living.be\/fr\/produits\/climatisation-sans-unite-exterieure\/","name":"Climatisation sans unit\u00e9 ext\u00e9rieure - R-4LIVING","isPartOf":{"@id":"https:\/\/r-4living.be\/#website"},"datePublished":"2025-12-23T10:14:15+00:00","dateModified":"2026-03-12T09:17:16+00:00","breadcrumb":{"@id":"https:\/\/r-4living.be\/fr\/produits\/climatisation-sans-unite-exterieure\/#breadcrumb"},"inLanguage":"fr-FR","potentialAction":[{"@type":"ReadAction","target":["https:\/\/r-4living.be\/fr\/produits\/climatisation-sans-unite-exterieure\/"]}]},{"@type":"BreadcrumbList","@id":"https:\/\/r-4living.be\/fr\/produits\/climatisation-sans-unite-exterieure\/#breadcrumb","itemListElement":[{"@type":"ListItem","position":1,"name":"Home","item":"https:\/\/r-4living.be\/fr\/"},{"@type":"ListItem","position":2,"name":"Produits","item":"https:\/\/r-4living.be\/fr\/produits\/"},{"@type":"ListItem","position":3,"name":"Climatisation sans unit\u00e9 ext\u00e9rieure"}]},{"@type":"WebSite","@id":"https:\/\/r-4living.be\/#website","url":"https:\/\/r-4living.be\/","name":"R-4LIVING","description":"Airvance Solutions","potentialAction":[{"@type":"SearchAction","target":{"@type":"EntryPoint","urlTemplate":"https:\/\/r-4living.be\/?s={search_term_string}"},"query-input":{"@type":"PropertyValueSpecification","valueRequired":true,"valueName":"search_term_string"}}],"inLanguage":"fr-FR"}]}},"_links":{"self":[{"href":"https:\/\/r-4living.be\/fr\/wp-json\/wp\/v2\/pages\/1423","targetHints":{"allow":["GET"]}}],"collection":[{"href":"https:\/\/r-4living.be\/fr\/wp-json\/wp\/v2\/pages"}],"about":[{"href":"https:\/\/r-4living.be\/fr\/wp-json\/wp\/v2\/types\/page"}],"author":[{"embeddable":true,"href":"https:\/\/r-4living.be\/fr\/wp-json\/wp\/v2\/users\/31"}],"replies":[{"embeddable":true,"href":"https:\/\/r-4living.be\/fr\/wp-json\/wp\/v2\/comments?post=1423"}],"version-history":[{"count":10,"href":"https:\/\/r-4living.be\/fr\/wp-json\/wp\/v2\/pages\/1423\/revisions"}],"predecessor-version":[{"id":1636,"href":"https:\/\/r-4living.be\/fr\/wp-json\/wp\/v2\/pages\/1423\/revisions\/1636"}],"up":[{"embeddable":true,"href":"https:\/\/r-4living.be\/fr\/wp-json\/wp\/v2\/pages\/1417"}],"wp:attachment":[{"href":"https:\/\/r-4living.be\/fr\/wp-json\/wp\/v2\/media?parent=1423"}],"curies":[{"name":"wp","href":"https:\/\/api.w.org\/{rel}","templated":true}]}}