	{"id":1419,"date":"2025-12-02T16:31:19","date_gmt":"2025-12-02T16:31:19","guid":{"rendered":"https:\/\/r-4living.be\/faq\/"},"modified":"2026-03-05T15:01:05","modified_gmt":"2026-03-05T15:01:05","slug":"faq","status":"publish","type":"page","link":"https:\/\/r-4living.be\/fr\/faq\/","title":{"rendered":"FAQ"},"content":{"rendered":"<div class=\"et_pb_section_0 et_pb_section et_section_regular et_flex_section\">\n<div class=\"et_pb_row_0 et_pb_row et_flex_row\">\n<div class=\"et_pb_column_0 et_pb_column et-last-child et_flex_column et_pb_css_mix_blend_mode_passthrough et_flex_column_24_24 et_flex_column_24_24_tablet et_flex_column_24_24_phone\">\n<div class=\"et_pb_text_0 et_pb_text et_pb_bg_layout_light et_pb_module et_block_module\"><div class=\"et_pb_text_inner\"><h1>Questions fr\u00e9quemment pos\u00e9es<\/h1>\n<\/div><\/div>\n\n<div class=\"et_pb_text_1 et_pb_text et_pb_bg_layout_light et_pb_module et_flex_module\"><div class=\"et_pb_text_inner\"><p>Vous avez des questions sur nos climatiseurs et pompes \u00e0 chaleur ? Vous trouverez ici les r\u00e9ponses aux questions les plus fr\u00e9quemment pos\u00e9es. Vous ne trouvez pas la r\u00e9ponse \u00e0 votre question ? N'h\u00e9sitez pas \u00e0 nous contacter.   <\/p>\n<\/div><\/div>\n<\/div>\n<\/div>\n\n<div class=\"et_pb_row_1 et_pb_row et_flex_row\">\n<div class=\"et_pb_column_1 et_pb_column et_flex_column et_pb_css_mix_blend_mode_passthrough et_flex_column_12_24 et_flex_column_12_24_tablet et_flex_column_24_24_phone\">\n<div class=\"et_pb_text_2 et_pb_text et_pb_bg_layout_light et_pb_module et_block_module\"><div class=\"et_pb_text_inner\"><h3>Questions g\u00e9n\u00e9rales<\/h3>\n<\/div><\/div>\n\n<div class=\"et_pb_toggle_0 et_pb_toggle et_pb_toggle_item et_pb_toggle_close et_pb_module et_flex_module\"><h4 class=\"et_pb_toggle_title\">Est-ce qu'une pompe \u00e0 chaleur air-air est la m\u00eame chose qu'un climatiseur ?<\/h4><div class=\"et_pb_toggle_content clearfix et_flex_module\"><p>Un climatiseur traditionnel ne peut que refroidir. Une pompe \u00e0 chaleur air-air telle que R-4LIVING peut \u00e0 la fois refroidir et chauffer. Dans le langage courant, on parle souvent de \u00ab climatiseur \u00bb, mais d'un point de vue technique, tous les mod\u00e8les R-4LIVING sont des pompes \u00e0 chaleur r\u00e9versibles qui vous offrent une temp\u00e9rature agr\u00e9able 365 jours par an.  <\/p>\n<\/div><\/div>\n\n<div class=\"et_pb_toggle_1 et_pb_toggle et_pb_toggle_item et_pb_toggle_close et_pb_module et_flex_module\"><h4 class=\"et_pb_toggle_title\">Une pompe \u00e0 chaleur air-air, c'est quoi ?<\/h4><div class=\"et_pb_toggle_content clearfix et_flex_module\"><p>Une pompe \u00e0 chaleur air-air extrait la chaleur de l'air ext\u00e9rieur et la transf\u00e8re \u00e0 l'air int\u00e9rieur pour le chauffage ou \u00e0 l'inverse pour le refroidissement. Contrairement aux pompes \u00e0 chaleur air-eau qui transf\u00e8rent la chaleur \u00e0 un syst\u00e8me hydraulique pour le chauffage par le sol ou les radiateurs. <\/p>\n<p><strong>Avantages du syst\u00e8me air-air :<\/strong><\/p>\n<ul>\n<li>R\u00e9gulation rapide de la temp\u00e9rature<\/li>\n<li>Adapt\u00e9 aux constructions neuves comme aux r\u00e9novations<\/li>\n<li>Pas besoin de chauffage au sol ni de radiateurs<\/li>\n<li>Excellent rapport qualit\u00e9-prix<\/li>\n<\/ul>\n<\/div><\/div>\n\n<div class=\"et_pb_toggle_2 et_pb_toggle et_pb_toggle_item et_pb_toggle_close et_pb_module et_flex_module\"><h4 class=\"et_pb_toggle_title\">Une pompe \u00e0 chaleur est-elle efficace quand il g\u00e8le ?<\/h4><div class=\"et_pb_toggle_content clearfix et_flex_module\"><p><span>Absolument ! Tous les syst\u00e8mes R-4LIVING continuent \u00e0 chauffer efficacement jusqu\u2019\u00e0 une temp\u00e9rature ext\u00e9rieure de -10 \u00b0C, ce qui est largement suffisant pour le climat belge.  Par temp\u00e9ratures extr\u00eamement basses, l\u2019efficacit\u00e9 diminue l\u00e9g\u00e8rement, mais les syst\u00e8mes continuent \u00e0 produire pleinement de la chaleur. <\/span><\/p>\n<\/div><\/div>\n\n<div class=\"et_pb_toggle_3 et_pb_toggle et_pb_toggle_item et_pb_toggle_close et_pb_module et_flex_module\"><h4 class=\"et_pb_toggle_title\">Quelle est la diff\u00e9rence entre un syst\u00e8me mono-split et un syst\u00e8me multi-split ?<\/h4><div class=\"et_pb_toggle_content clearfix et_flex_module\"><p class=\"MuiBox-root css-u93psu\"><strong>Mono-split<\/strong> : 1 unit\u00e9 int\u00e9rieure + 1 unit\u00e9 ext\u00e9rieure = climatisation pour 1 pi\u00e8ce.<\/p>\n<p class=\"MuiBox-root css-u93psu\"><strong>Multi-split<\/strong> : jusqu'\u00e0 5 unit\u00e9s int\u00e9rieures + 1 unit\u00e9 ext\u00e9rieure = climatisation pour plusieurs pi\u00e8ces<\/p>\n<\/div><\/div>\n\n<div class=\"et_pb_toggle_4 et_pb_toggle et_pb_toggle_item et_pb_toggle_close et_pb_module et_flex_module\"><h4 class=\"et_pb_toggle_title\">Combien co\u00fbte l'installation d'un climatiseur?<\/h4><div class=\"et_pb_toggle_content clearfix et_flex_module\"><p>Les prix commencent \u00e0 partir de 990 \u20ac. Bien entendu, ce montant d\u00e9pend fortement de l\u2019installation concr\u00e8te, notamment de la longueur des conduites, de la complexit\u00e9 et d\u2019\u00e9ventuels travaux suppl\u00e9mentaires. Le prix exact est d\u00e9termin\u00e9 gr\u00e2ce une offre personnalis\u00e9e et sans engagement.  <\/p>\n<p>&nbsp;<\/p>\n<\/div><\/div>\n\n<div class=\"et_pb_text_3 et_pb_text et_pb_bg_layout_light et_pb_module et_block_module\"><div class=\"et_pb_text_inner\"><h3>Co\u00fbts &amp; Energie<\/h3>\n<\/div><\/div>\n\n<div class=\"et_pb_toggle_5 et_pb_toggle et_pb_toggle_item et_pb_toggle_close et_pb_module et_flex_module\"><h4 class=\"et_pb_toggle_title\">Que signifient SEER et SCOP ?<\/h4><div class=\"et_pb_toggle_content clearfix et_flex_module\"><p><strong>SEER (Seasonal Energy Efficiency Ratio) <\/strong>= Coefficient d'efficacit\u00e9 \u00e9nerg\u00e9tique saisonnier.<br \/>Mesure la quantit\u00e9 de refroidissement obtenue par unit\u00e9 d'\u00e9nergie consomm\u00e9e. Plus il est \u00e9lev\u00e9, plus l'efficacit\u00e9 est grande. <\/p>\n<p><strong>SCOP (Seasonal Coefficient of Performance) <\/strong>= Efficacit\u00e9 de chauffage.<br \/>Mesure la quantit\u00e9 de chaleur produite par rapport \u00e0 l'\u00e9nergie consomm\u00e9e.<\/p>\n<p><strong>Valeurs R-4LIVING :<\/strong><\/p>\n<ul>\n<li>VIVA: SEER 7,2 \/ SCOP 4,1<\/li>\n<li>ONYX: SEER 9,0 \/ SCOP 4,6(beste in klasse!)<\/li>\n<li>TERRA: SEER 7,8 \/ SCOP 4,2<\/li>\n<\/ul>\n<\/div><\/div>\n\n<div class=\"et_pb_toggle_6 et_pb_toggle et_pb_toggle_item et_pb_toggle_close et_pb_module et_flex_module\"><h4 class=\"et_pb_toggle_title\">Quel est le co\u00fbt de fonctionnement d'une pompe \u00e0 chaleur ?<\/h4><div class=\"et_pb_toggle_content clearfix et_flex_module\"><p><span>Les co\u00fbts de fonctionnement d\u00e9pendent du mod\u00e8le, de la temp\u00e9rature r\u00e9gl\u00e9e, de l'isolation et de la dur\u00e9e d'utilisation. Pour un mod\u00e8le R-4LIVING VIVA 2,5 kW, les co\u00fbts annuels s'\u00e9l\u00e8vent \u00e0 environ 295 \u20ac (3 mois de refroidissement 8 h\/jour + 4 mois de chauffage 6 h\/jour \u00e0 0,30 \u20ac\/kWh). Un mod\u00e8le ONYX 3,5 kW co\u00fbte environ 340 \u20ac par an pour une utilisation comparable. C'est nettement moins cher qu'un chauffage \u00e9lectrique (575 \u20ac\/an) ou qu'un ancien climatiseur sans fonction pompe \u00e0 chaleur. Avec des panneaux solaires, vos co\u00fbts diminuent encore plus.    <\/span><\/p>\n<\/div><\/div>\n\n<div class=\"et_pb_toggle_7 et_pb_toggle et_pb_toggle_item et_pb_toggle_close et_pb_module et_flex_module\"><h4 class=\"et_pb_toggle_title\">Les pompes \u00e0 chaleur consomment-elles beaucoup d'\u00e9lectricit\u00e9 ?<\/h4><div class=\"et_pb_toggle_content clearfix et_flex_module\"><p><span>Au contraire, tr\u00e8s peu gr\u00e2ce \u00e0 sa technologie. Une pompe \u00e0 chaleur transf\u00e8re la chaleur au lieu de la g\u00e9n\u00e9rer, ce qui vous permet d'obtenir 3 \u00e0 5 fois plus d'\u00e9nergie que vous n'en consommez. Cela fait des pompes \u00e0 chaleur le moyen le plus \u00e9conome en \u00e9nergie pour chauffer et refroidir.  <\/span><\/p>\n<\/div><\/div>\n<\/div>\n\n<div class=\"et_pb_column_2 et_pb_column et-last-child et_flex_column et_pb_css_mix_blend_mode_passthrough et_flex_column_12_24 et_flex_column_12_24_tablet et_flex_column_24_24_phone\">\n<div class=\"et_pb_text_4 et_pb_text et_pb_bg_layout_light et_pb_module et_block_module\"><div class=\"et_pb_text_inner\"><h3>Installation &amp; Placement<\/h3>\n<\/div><\/div>\n\n<div class=\"et_pb_toggle_8 et_pb_toggle et_pb_toggle_item et_pb_toggle_close et_pb_module et_flex_module\"><h4 class=\"et_pb_toggle_title\">La pompe \u00e0 chaleur fonctionne-t-elle dans une maison mal isol\u00e9e ?<\/h4><div class=\"et_pb_toggle_content clearfix et_flex_module\"><p><span>Oui, une pompe \u00e0 chaleur R-4LIVING fonctionne \u00e9galement dans les maisons moins bien isol\u00e9es, mais son efficacit\u00e9 et son confort diminuent. Vous consommerez plus d'\u00e9nergie pour atteindre et maintenir la temp\u00e9rature souhait\u00e9e. Nous vous recommandons donc d'investir d'abord dans des mesures de base comme l'isolation du toit, le double vitrage et le calfeutrage des fissures. \u00c7a maximisera les performances de la pompe \u00e0 chaleur et r\u00e9duira consid\u00e9rablement les co\u00fbts \u00e9nerg\u00e9tiques. Une pompe \u00e0 chaleur dans une maison bien isol\u00e9e peut permettre d'\u00e9conomiser jusqu'\u00e0 70 % sur les frais de chauffage.    <\/span><\/p>\n<\/div><\/div>\n\n<div class=\"et_pb_toggle_9 et_pb_toggle et_pb_toggle_item et_pb_toggle_close et_pb_module et_flex_module\"><h4 class=\"et_pb_toggle_title\">Peut-on combiner une pompe \u00e0 chaleur avec des panneaux solaires ?<\/h4><div class=\"et_pb_toggle_content clearfix et_flex_module\"><p><span>Oui, c'est m\u00eame une combinaison id\u00e9ale ! Lorsque vous associez une pompe \u00e0 chaleur R-4LIVING \u00e0 des panneaux solaires, vous pouvez utiliser votre propre \u00e9lectricit\u00e9 verte pour chauffer ou refroidir votre maison. Cela maximise le rendement de vos panneaux solaires et r\u00e9duit encore davantage vos co\u00fbts \u00e9nerg\u00e9tiques. Pendant la journ\u00e9e, lorsque vos panneaux produisent le plus d'\u00e9lectricit\u00e9, vous pouvez faire fonctionner la pompe \u00e0 chaleur pour pr\u00e9chauffer ou pr\u00e9climatiser votre maison, ce qui vous permet de consommer moins d'\u00e9nergie du r\u00e9seau le soir.   <\/span><\/p>\n<\/div><\/div>\n\n<div class=\"et_pb_toggle_10 et_pb_toggle et_pb_toggle_item et_pb_toggle_close et_pb_module et_flex_module\"><h4 class=\"et_pb_toggle_title\">Une pompe \u00e0 chaleur convient-elle pour une chambre \u00e0 coucher ?<\/h4><div class=\"et_pb_toggle_content clearfix et_flex_module\"><p><span>Tout \u00e0 fait ! Les syst\u00e8mes R-4LIVING sont sp\u00e9cialement con\u00e7us pour fonctionner de mani\u00e8re ultra silencieuse. En mode nuit, une unit\u00e9 int\u00e9rieure ne produit que 19 \u00e0 24 dB(A), soit moins qu'un murmure. Le WAVE produit 39 dB(A) en mode silencieux. De plus, tous les mod\u00e8les sont \u00e9quip\u00e9s d'une minuterie de sommeil, d'un r\u00e9gulateur de temp\u00e9rature automatique et d'un mode nuit qui minimise le niveau sonore. De nombreux utilisateurs b\u00e9n\u00e9ficient m\u00eame d'un meilleur confort de sommeil gr\u00e2ce \u00e0 la temp\u00e9rature constante et agr\u00e9able et \u00e0 l'effet purificateur d'air.     <\/span><\/p>\n<\/div><\/div>\n\n<div class=\"et_pb_toggle_11 et_pb_toggle et_pb_toggle_item et_pb_toggle_close et_pb_module et_flex_module\"><h4 class=\"et_pb_toggle_title\">Combien de temps faut-il pour installer une pompe \u00e0 chaleur ?<\/h4><div class=\"et_pb_toggle_content clearfix et_flex_module\"><p><span>La dur\u00e9e d'installation d\u00e9pend du type de syst\u00e8me. Une pompe \u00e0 chaleur tout-en-un R-4LIVING est souvent enti\u00e8rement install\u00e9e et op\u00e9rationnelle en 3 \u00e0 4 heures, ce qui est id\u00e9al si vous souhaitez obtenir des r\u00e9sultats rapides. Un syst\u00e8me mono-split (1 int\u00e9rieur + 1 ext\u00e9rieur) prend en moyenne 4 \u00e0 6 heures. Pour les syst\u00e8mes multi-split avec plusieurs unit\u00e9s int\u00e9rieures, il faut compter 1 \u00e0 2 jours ouvrables, en fonction du nombre d'unit\u00e9s et de la complexit\u00e9. Nos installateurs certifi\u00e9s travaillent de mani\u00e8re efficace et soign\u00e9e, et votre syst\u00e8me est souvent pr\u00eat \u00e0 l'emploi en une seule journ\u00e9e.    <\/span><\/p>\n<\/div><\/div>\n\n<div class=\"et_pb_text_5 et_pb_text et_pb_bg_layout_light et_pb_module et_block_module\"><div class=\"et_pb_text_inner\"><h3>Utilisation &amp; Entretien<\/h3>\n<\/div><\/div>\n\n<div class=\"et_pb_toggle_12 et_pb_toggle et_pb_toggle_item et_pb_toggle_close et_pb_module et_flex_module\"><h4 class=\"et_pb_toggle_title\">Comment utiliser ma pompe \u00e0 chaleur R-4LIVING ?<\/h4><div class=\"et_pb_toggle_content clearfix et_flex_module\"><p><span>Tous les syst\u00e8mes R-4LIVING sont livr\u00e9s avec une t\u00e9l\u00e9commande facile \u00e0 utiliser qui vous permet de r\u00e9gler toutes les fonctions. De nombreux mod\u00e8les peuvent \u00e9galement \u00eatre command\u00e9s via WiFi \u00e0 l'aide d'une application gratuite pour smartphone, que vous pouvez utiliser pour contr\u00f4ler votre syst\u00e8me. De plus, les unit\u00e9s int\u00e9rieures sont \u00e9quip\u00e9es d'un \u00e9cran et de commandes de base sur l'appareil lui-m\u00eame.  <\/span><\/p>\n<\/div><\/div>\n\n<div class=\"et_pb_toggle_13 et_pb_toggle et_pb_toggle_item et_pb_toggle_close et_pb_module et_flex_module\"><h4 class=\"et_pb_toggle_title\">Comment nettoyer moi-m\u00eame les filtres de ma pompe \u00e0 chaleur ?<\/h4><div class=\"et_pb_toggle_content clearfix et_flex_module\"><p><span>Le nettoyage des filtres est simple et ne n\u00e9cessite aucun outil. Ouvrez le panneau frontal de l\u2019unit\u00e9 int\u00e9rieure (g\u00e9n\u00e9ralement clips\u00e9), retirez les filtres, aspirez-les ou rincez-les \u00e0 l\u2019eau ti\u00e8de, laissez-les s\u00e9cher compl\u00e8tement puis remettez-les en place. Effectuez cette op\u00e9ration chaque mois en cas d\u2019utilisation intensive, ou tous les 2 \u00e0 3 mois en utilisation normale.   Des filtres propres garantissent une meilleure qualit\u00e9 de l\u2019air, un fonctionnement plus efficace et une consommation d\u2019\u00e9nergie r\u00e9duite. <\/span><\/p>\n<\/div><\/div>\n<\/div>\n<\/div>\n<\/div>","protected":false},"excerpt":{"rendered":"","protected":false},"author":1,"featured_media":0,"parent":0,"menu_order":0,"comment_status":"closed","ping_status":"closed","template":"","meta":{"_acf_changed":false,"footnotes":""},"class_list":["post-1419","page","type-page","status-publish","hentry"],"acf":[],"yoast_head":"<!-- This site is optimized with the Yoast SEO plugin v27.3 - https:\/\/yoast.com\/product\/yoast-seo-wordpress\/ -->\n<title>FAQ - R-4LIVING<\/title>\n<meta name=\"robots\" content=\"index, follow, max-snippet:-1, max-image-preview:large, max-video-preview:-1\" \/>\n<link rel=\"canonical\" href=\"https:\/\/r-4living.be\/fr\/faq\/\" \/>\n<meta property=\"og:locale\" content=\"fr_FR\" \/>\n<meta property=\"og:type\" content=\"article\" \/>\n<meta property=\"og:title\" content=\"FAQ - R-4LIVING\" \/>\n<meta property=\"og:url\" content=\"https:\/\/r-4living.be\/fr\/faq\/\" \/>\n<meta property=\"og:site_name\" content=\"R-4LIVING\" \/>\n<meta property=\"article:modified_time\" content=\"2026-03-05T15:01:05+00:00\" \/>\n<meta name=\"twitter:card\" content=\"summary_large_image\" \/>\n<script type=\"application\/ld+json\" class=\"yoast-schema-graph\">{\"@context\":\"https:\\\/\\\/schema.org\",\"@graph\":[{\"@type\":\"WebPage\",\"@id\":\"https:\\\/\\\/r-4living.be\\\/fr\\\/faq\\\/\",\"url\":\"https:\\\/\\\/r-4living.be\\\/fr\\\/faq\\\/\",\"name\":\"FAQ - R-4LIVING\",\"isPartOf\":{\"@id\":\"https:\\\/\\\/r-4living.be\\\/#website\"},\"datePublished\":\"2025-12-02T16:31:19+00:00\",\"dateModified\":\"2026-03-05T15:01:05+00:00\",\"breadcrumb\":{\"@id\":\"https:\\\/\\\/r-4living.be\\\/fr\\\/faq\\\/#breadcrumb\"},\"inLanguage\":\"fr-FR\",\"potentialAction\":[{\"@type\":\"ReadAction\",\"target\":[\"https:\\\/\\\/r-4living.be\\\/fr\\\/faq\\\/\"]}]},{\"@type\":\"BreadcrumbList\",\"@id\":\"https:\\\/\\\/r-4living.be\\\/fr\\\/faq\\\/#breadcrumb\",\"itemListElement\":[{\"@type\":\"ListItem\",\"position\":1,\"name\":\"Home\",\"item\":\"https:\\\/\\\/r-4living.be\\\/fr\\\/\"},{\"@type\":\"ListItem\",\"position\":2,\"name\":\"FAQ\"}]},{\"@type\":\"WebSite\",\"@id\":\"https:\\\/\\\/r-4living.be\\\/#website\",\"url\":\"https:\\\/\\\/r-4living.be\\\/\",\"name\":\"R-4LIVING\",\"description\":\"Airvance Solutions\",\"potentialAction\":[{\"@type\":\"SearchAction\",\"target\":{\"@type\":\"EntryPoint\",\"urlTemplate\":\"https:\\\/\\\/r-4living.be\\\/?s={search_term_string}\"},\"query-input\":{\"@type\":\"PropertyValueSpecification\",\"valueRequired\":true,\"valueName\":\"search_term_string\"}}],\"inLanguage\":\"fr-FR\"}]}<\/script>\n<!-- \/ Yoast SEO plugin. -->","yoast_head_json":{"title":"FAQ - R-4LIVING","robots":{"index":"index","follow":"follow","max-snippet":"max-snippet:-1","max-image-preview":"max-image-preview:large","max-video-preview":"max-video-preview:-1"},"canonical":"https:\/\/r-4living.be\/fr\/faq\/","og_locale":"fr_FR","og_type":"article","og_title":"FAQ - R-4LIVING","og_url":"https:\/\/r-4living.be\/fr\/faq\/","og_site_name":"R-4LIVING","article_modified_time":"2026-03-05T15:01:05+00:00","twitter_card":"summary_large_image","schema":{"@context":"https:\/\/schema.org","@graph":[{"@type":"WebPage","@id":"https:\/\/r-4living.be\/fr\/faq\/","url":"https:\/\/r-4living.be\/fr\/faq\/","name":"FAQ - R-4LIVING","isPartOf":{"@id":"https:\/\/r-4living.be\/#website"},"datePublished":"2025-12-02T16:31:19+00:00","dateModified":"2026-03-05T15:01:05+00:00","breadcrumb":{"@id":"https:\/\/r-4living.be\/fr\/faq\/#breadcrumb"},"inLanguage":"fr-FR","potentialAction":[{"@type":"ReadAction","target":["https:\/\/r-4living.be\/fr\/faq\/"]}]},{"@type":"BreadcrumbList","@id":"https:\/\/r-4living.be\/fr\/faq\/#breadcrumb","itemListElement":[{"@type":"ListItem","position":1,"name":"Home","item":"https:\/\/r-4living.be\/fr\/"},{"@type":"ListItem","position":2,"name":"FAQ"}]},{"@type":"WebSite","@id":"https:\/\/r-4living.be\/#website","url":"https:\/\/r-4living.be\/","name":"R-4LIVING","description":"Airvance Solutions","potentialAction":[{"@type":"SearchAction","target":{"@type":"EntryPoint","urlTemplate":"https:\/\/r-4living.be\/?s={search_term_string}"},"query-input":{"@type":"PropertyValueSpecification","valueRequired":true,"valueName":"search_term_string"}}],"inLanguage":"fr-FR"}]}},"_links":{"self":[{"href":"https:\/\/r-4living.be\/fr\/wp-json\/wp\/v2\/pages\/1419","targetHints":{"allow":["GET"]}}],"collection":[{"href":"https:\/\/r-4living.be\/fr\/wp-json\/wp\/v2\/pages"}],"about":[{"href":"https:\/\/r-4living.be\/fr\/wp-json\/wp\/v2\/types\/page"}],"author":[{"embeddable":true,"href":"https:\/\/r-4living.be\/fr\/wp-json\/wp\/v2\/users\/1"}],"replies":[{"embeddable":true,"href":"https:\/\/r-4living.be\/fr\/wp-json\/wp\/v2\/comments?post=1419"}],"version-history":[{"count":3,"href":"https:\/\/r-4living.be\/fr\/wp-json\/wp\/v2\/pages\/1419\/revisions"}],"predecessor-version":[{"id":1617,"href":"https:\/\/r-4living.be\/fr\/wp-json\/wp\/v2\/pages\/1419\/revisions\/1617"}],"wp:attachment":[{"href":"https:\/\/r-4living.be\/fr\/wp-json\/wp\/v2\/media?parent=1419"}],"curies":[{"name":"wp","href":"https:\/\/api.w.org\/{rel}","templated":true}]}}